{"id":3434,"date":"2020-11-16T07:47:52","date_gmt":"2020-11-16T06:47:52","guid":{"rendered":"https:\/\/conferencia.lifeshara.com\/?page_id=3434"},"modified":"2021-03-11T10:08:22","modified_gmt":"2021-03-11T09:08:22","slug":"sessao-04","status":"publish","type":"page","link":"https:\/\/conferencia.lifeshara.com\/pt-pt\/programa\/sessoes\/sessao-04\/","title":{"rendered":"Sess\u00e3o 04"},"content":{"rendered":"<p>[et_pb_section fb_built=&#8221;1&#8243; admin_label=&#8221;Cabecera p\u00e1gina&#8221; _builder_version=&#8221;4.6.6&#8243; _module_preset=&#8221;default&#8221; background_color=&#8221;#f1a336&#8243; custom_margin=&#8221;0px||||false|false&#8221; custom_margin_tablet=&#8221;0px||||false|false&#8221; custom_margin_phone=&#8221;&#8221; custom_margin_last_edited=&#8221;on|phone&#8221; custom_padding=&#8221;0px|||||&#8221;][et_pb_row column_structure=&#8221;3_5,2_5&#8243; _builder_version=&#8221;4.6.6&#8243; _module_preset=&#8221;default&#8221; background_enable_color=&#8221;off&#8221; width=&#8221;100%&#8221; max_width=&#8221;100%&#8221; custom_margin_last_edited=&#8221;off|desktop&#8221; custom_padding=&#8221;0px|||||&#8221; custom_margin__hover_enabled=&#8221;off|desktop&#8221;][et_pb_column type=&#8221;3_5&#8243; _builder_version=&#8221;4.6.6&#8243; _module_preset=&#8221;default&#8221; background_color=&#8221;#ffFFFF&#8221;][et_pb_cta title=&#8221;SESS\u00c3O TEM\u00c1TICA 04&#8243; button_url=&#8221;#sesion&#8221; admin_label=&#8221;T\u00edtulo+subt\u00edtulo+bot\u00f3n&#8221; _builder_version=&#8221;4.6.6&#8243; _module_preset=&#8221;default&#8221; header_font=&#8221;|700|||||||&#8221; header_text_align=&#8221;left&#8221; header_text_color=&#8221;#2a2a29&#8243; header_letter_spacing=&#8221;2px&#8221; body_font=&#8221;Ubuntu Mono||||||||&#8221; body_text_align=&#8221;left&#8221; body_text_color=&#8221;#de6f5b&#8221; body_font_size=&#8221;25px&#8221; body_line_height=&#8221;1.3em&#8221; background_color=&#8221;rgba(0,0,0,0)&#8221; custom_button=&#8221;on&#8221; button_font=&#8221;|700|||||||&#8221; button_icon=&#8221;%%1%%&#8221; button_on_hover=&#8221;off&#8221; text_orientation=&#8221;left&#8221; background_layout=&#8221;light&#8221; width=&#8221;80%&#8221; width_tablet=&#8221;75%&#8221; width_phone=&#8221;100%&#8221; width_last_edited=&#8221;on|phone&#8221; module_alignment=&#8221;right&#8221; custom_margin=&#8221;70px|0px|10px||false|false&#8221; custom_margin_tablet=&#8221;80px||10px||false|false&#8221; custom_margin_phone=&#8221;80px||0px||false|false&#8221; custom_margin_last_edited=&#8221;on|phone&#8221; custom_padding=&#8221;|0px|0px||false|false&#8221; header_font_size_tablet=&#8221;&#8221; header_font_size_phone=&#8221;&#8221; header_font_size_last_edited=&#8221;on|phone&#8221; body_font_size_tablet=&#8221;24px&#8221; body_font_size_phone=&#8221;22px&#8221; body_font_size_last_edited=&#8221;on|phone&#8221; module_alignment_tablet=&#8221;center&#8221; module_alignment_phone=&#8221;&#8221; module_alignment_last_edited=&#8221;on|tablet&#8221; custom_css_promo_button=&#8221;margin-top: 20px; &#8221; custom_css_promo_title=&#8221;padding-bottom:20px; &#8221; button_bg_color__hover_enabled=&#8221;on|hover&#8221; button_bg_color__hover=&#8221;#fdfcec&#8221; button_bg_enable_color__hover=&#8221;on&#8221;]<\/p>\n<p><pquinta feira=\"\" 19=\"\" br=\"\"><\/pquinta> <strong>09:00-10:30 <\/strong>WET<\/p>\n<p>[\/et_pb_cta][et_pb_cta button_url=&#8221;#sesion&#8221; button_text=&#8221;Ver sess\u00e3o&#8221; admin_label=&#8221;T\u00edtulo+subt\u00edtulo+bot\u00f3n&#8221; _builder_version=&#8221;4.6.6&#8243; _module_preset=&#8221;default&#8221; header_level=&#8221;h1&#8243; header_font=&#8221;|700|||||||&#8221; header_text_align=&#8221;left&#8221; header_text_color=&#8221;#2a2a29&#8243; header_font_size=&#8221;45px&#8221; header_letter_spacing=&#8221;2px&#8221; body_font=&#8221;Ubuntu Mono|700|||||||&#8221; body_text_align=&#8221;left&#8221; body_text_color=&#8221;#2a2a29&#8243; body_font_size=&#8221;35px&#8221; body_line_height=&#8221;1.1em&#8221; background_color=&#8221;rgba(0,0,0,0)&#8221; custom_button=&#8221;on&#8221; button_font=&#8221;|700|||||||&#8221; button_icon=&#8221;%%1%%&#8221; button_on_hover=&#8221;off&#8221; text_orientation=&#8221;left&#8221; background_layout=&#8221;light&#8221; width=&#8221;80%&#8221; width_tablet=&#8221;75%&#8221; width_phone=&#8221;100%&#8221; width_last_edited=&#8221;on|phone&#8221; module_alignment=&#8221;right&#8221; custom_margin=&#8221;2px||50px||false|false&#8221; custom_margin_tablet=&#8221;||80px||false|false&#8221; custom_margin_phone=&#8221;20px||50px||false|false&#8221; custom_margin_last_edited=&#8221;on|tablet&#8221; custom_padding=&#8221;0px|10%|||false|false&#8221; custom_padding_tablet=&#8221;|20%|||false|false&#8221; custom_padding_phone=&#8221;|10%|||false|false&#8221; custom_padding_last_edited=&#8221;on|phone&#8221; header_font_size_tablet=&#8221;40px&#8221; header_font_size_phone=&#8221;30px&#8221; header_font_size_last_edited=&#8221;on|phone&#8221; body_font_size_tablet=&#8221;35px&#8221; body_font_size_phone=&#8221;30px&#8221; body_font_size_last_edited=&#8221;on|phone&#8221; module_alignment_tablet=&#8221;center&#8221; module_alignment_phone=&#8221;&#8221; module_alignment_last_edited=&#8221;on|tablet&#8221; custom_css_promo_button=&#8221;margin-top: 20px; &#8221; custom_css_promo_title=&#8221;padding-bottom:20px; &#8221; button_bg_color__hover_enabled=&#8221;on|hover&#8221; button_bg_color__hover=&#8221;#fdfcec&#8221; button_bg_enable_color__hover=&#8221;on&#8221;]<\/p>\n<p>Altera\u00e7\u00f5es clim\u00e1ticas e gest\u00e3o dos espa\u00e7os costeiros<\/p>\n<p>[\/et_pb_cta][\/et_pb_column][et_pb_column type=&#8221;2_5&#8243; _builder_version=&#8221;4.6.6&#8243; _module_preset=&#8221;default&#8221; background_enable_color=&#8221;off&#8221;][et_pb_divider show_divider=&#8221;off&#8221; _builder_version=&#8221;4.6.6&#8243; _module_preset=&#8221;default&#8221;][\/et_pb_divider][et_pb_image src=&#8221;https:\/\/conferencia.lifeshara.com\/wp-content\/uploads\/2020\/10\/Adaptes-Sesion-04-opt.gif&#8221; title_text=&#8221;Adaptes-Sesion-04-opt&#8221; align=&#8221;center&#8221; _builder_version=&#8221;4.6.6&#8243; width=&#8221;90%&#8221; width_tablet=&#8221;70%&#8221; width_phone=&#8221;&#8221; width_last_edited=&#8221;on|tablet&#8221; module_alignment=&#8221;center&#8221; max_height_tablet=&#8221;400px&#8221; max_height_phone=&#8221;&#8221; max_height_last_edited=&#8221;on|tablet&#8221; custom_margin=&#8221;|||-100px|false|false&#8221; custom_margin_tablet=&#8221;|||0px|false|false&#8221; custom_margin_phone=&#8221;&#8221; custom_margin_last_edited=&#8221;on|tablet&#8221; custom_padding=&#8221;40px||40px||true|false&#8221; custom_padding_tablet=&#8221;0px||0px||false|false&#8221; custom_padding_phone=&#8221;0px||0px||true|false&#8221; custom_padding_last_edited=&#8221;on|phone&#8221; scroll_vertical_motion_enable=&#8221;on&#8221; scroll_vertical_motion=&#8221;0|82|82|100|1|0|-1&#8243; locked=&#8221;off&#8221;][\/et_pb_image][\/et_pb_column][\/et_pb_row][\/et_pb_section][et_pb_section fb_built=&#8221;1&#8243; admin_label=&#8221;Cuerpo p\u00e1gina&#8221; module_id=&#8221;sesion&#8221; _builder_version=&#8221;4.6.6&#8243; background_color=&#8221;#f1a336&#8243; custom_margin=&#8221;-60px||||false|false&#8221; locked=&#8221;off&#8221;][et_pb_row column_structure=&#8221;3_5,2_5&#8243; use_custom_gutter=&#8221;on&#8221; gutter_width=&#8221;2&#8243; make_equal=&#8221;on&#8221; disabled_on=&#8221;off|off|off&#8221; _builder_version=&#8221;4.6.6&#8243; custom_padding=&#8221;10px||10px||false|false&#8221; animation_direction=&#8221;top&#8221; border_color_all=&#8221;rgba(51,51,51,0.05)&#8221; border_width_top=&#8221;1px&#8221; border_color_top=&#8221;#de6f5b&#8221; border_color_bottom=&#8221;#de6f5b&#8221;][et_pb_column type=&#8221;3_5&#8243; _builder_version=&#8221;4.6.5&#8243; background_color=&#8221;rgba(0,0,0,0)&#8221; custom_padding=&#8221;2%|2%|2%|2%|true|true&#8221; custom_padding__hover=&#8221;|||&#8221;][et_pb_video src=&#8221;https:\/\/youtu.be\/K-07Zgm4Mr4&#8243; image_src=&#8221;https:\/\/conferencia.lifeshara.com\/wp-content\/uploads\/2020\/11\/Adaptes__fondo-pantalla_S04@2x.png&#8221; play_icon_color=&#8221;#fdfcec&#8221; thumbnail_overlay_color=&#8221;rgba(0,0,0,0.6)&#8221; _builder_version=&#8221;4.6.6&#8243; _module_preset=&#8221;default&#8221; border_width_all=&#8221;1px&#8221; border_color_all=&#8221;#fdfcec&#8221;][\/et_pb_video][\/et_pb_column][et_pb_column type=&#8221;2_5&#8243; _builder_version=&#8221;4.6.5&#8243; background_color=&#8221;rgba(0,0,0,0)&#8221; custom_padding=&#8221;2%|2%|2%|2%|true|true&#8221; custom_padding__hover=&#8221;|||&#8221;][et_pb_blurb title=&#8221;Interven\u00e7\u00f5es&#8221; use_icon=&#8221;on&#8221; font_icon=&#8221;%%375%%&#8221; icon_color=&#8221;#de6f5b&#8221; icon_placement=&#8221;left&#8221; use_icon_font_size=&#8221;on&#8221; icon_font_size=&#8221;40px&#8221; _builder_version=&#8221;4.6.6&#8243; _module_preset=&#8221;default&#8221; header_font=&#8221;|700|||||||&#8221; header_text_color=&#8221;#fdfcec&#8221; body_font=&#8221;|700|||||||&#8221; body_link_font=&#8221;|700|||||||&#8221; body_link_text_color=&#8221;#fdfcec&#8221; header_font_size_tablet=&#8221;&#8221; header_font_size_phone=&#8221;&#8221; header_font_size_last_edited=&#8221;on|phone&#8221; body_link_text_color__hover_enabled=&#8221;on|desktop&#8221; body_link_text_color__hover=&#8221;#2a2a29&#8243;]<\/p>\n<ol>\n<li><a href=\"https:\/\/conferencia.lifeshara.com\/wp-content\/uploads\/2021\/01\/1-Alexandra_Toimil_IHCantabria_ADAPTES-4_19_11_2020.pdf\" target=\"_blank\" rel=\"noopener noreferrer\">Metodolog\u00eda para el an\u00e1lisis de la evoluci\u00f3n de la l\u00ednea de costa, Alexandra Toimil<\/a><\/li>\n<li><a href=\"https:\/\/conferencia.lifeshara.com\/wp-content\/uploads\/2021\/01\/2-Celso_Pinto_APA_ADAPTES-4_19_11_2020.pdf\" target=\"_blank\" rel=\"noopener noreferrer\">A alimenta\u00e7\u00e3o artificial de praias em Portugal em contexto de adapta\u00e7\u00e3o \u00e0s altera\u00e7\u00f5es clim\u00e1ticas, Celso A. Pinto<\/a><\/li>\n<li><a href=\"https:\/\/conferencia.lifeshara.com\/wp-content\/uploads\/2021\/01\/3-Jose_Francisco_CEDEX_ADAPTES-4_19_11_2020.pdf\" target=\"_blank\" rel=\"noopener noreferrer\">Estrategias y planes de protecci\u00f3n de la costa espa\u00f1ola para el control de la erosi\u00f3n y la adaptaci\u00f3n al cambio clim\u00e1tico, Jos\u00e9 F. S\u00e1nchez<\/a><\/li>\n<li><a href=\"https:\/\/conferencia.lifeshara.com\/wp-content\/uploads\/2021\/01\/4-Paula_Freire_LNEC_ADAPTES-4_19_11_2020.pdf\" target=\"_blank\" rel=\"noopener noreferrer\">Risco de inunda\u00e7\u00e3o costeira: da avalia\u00e7\u00e3o da perigosidade \u00e0 gest\u00e3o cr\u00edtica. O projeto MOLINES, Paula Freire<\/a><\/li>\n<li><a href=\"https:\/\/conferencia.lifeshara.com\/wp-content\/uploads\/2021\/01\/5-Juan_Taboada_Marrisk_ADAPTES-4_19_11_2020.pdf\" target=\"_blank\" rel=\"noopener noreferrer\">Estrategias de adaptaci\u00f3n costera en Galicia-Norte de Portugal: Resultados del proyecto MarRisk, Juan Taboada<\/a><\/li>\n<li><a href=\"https:\/\/conferencia.lifeshara.com\/wp-content\/uploads\/2021\/01\/6-Sergio_Barroso_CEDRU_ADAPTES-4_19_11_2020.pdf\" target=\"_blank\" rel=\"noopener noreferrer\">Ordenamento da orla costeira e adapta\u00e7\u00e3o \u00e0s altera\u00e7\u00f5es clim\u00e1ticas: governan\u00e7a multin\u00edvel e corresponsabiliza\u00e7\u00e3o, Sergio Barroso<\/a><\/li>\n<\/ol>\n<p>[\/et_pb_blurb][\/et_pb_column][\/et_pb_row][et_pb_row use_custom_gutter=&#8221;on&#8221; gutter_width=&#8221;2&#8243; make_equal=&#8221;on&#8221; _builder_version=&#8221;4.6.6&#8243; custom_padding=&#8221;10px||10px||false|false&#8221; animation_direction=&#8221;top&#8221; border_color_all=&#8221;rgba(51,51,51,0.05)&#8221; border_width_top=&#8221;1px&#8221; border_color_top=&#8221;#fdfcec&#8221; border_width_bottom=&#8221;1px&#8221; border_color_bottom=&#8221;#fdfcec&#8221;][et_pb_column type=&#8221;4_4&#8243; _builder_version=&#8221;4.6.5&#8243; background_color=&#8221;rgba(0,0,0,0)&#8221; custom_padding=&#8221;2%|2%|2%|2%|true|true&#8221; custom_padding__hover=&#8221;|||&#8221;][et_pb_text _builder_version=&#8221;4.6.6&#8243; text_font=&#8221;||||||||&#8221; text_text_color=&#8221;#fdfcec&#8221; text_font_size=&#8221;18px&#8221; header_font=&#8221;Ubuntu Mono|700|||||||&#8221; header_text_color=&#8221;#fdfcec&#8221; header_2_font=&#8221;Ubuntu Mono|700|||||||&#8221; header_2_text_color=&#8221;#fdfcec&#8221; header_2_font_size=&#8221;38px&#8221; header_3_font=&#8221;Ubuntu Mono|700|||||||&#8221; header_3_text_color=&#8221;#2a2a29&#8243; header_3_font_size=&#8221;32px&#8221; header_4_font=&#8221;Ubuntu Mono|700|||||||&#8221; header_4_text_color=&#8221;#fdfcec&#8221; header_4_letter_spacing=&#8221;3px&#8221; header_5_font=&#8221;Ubuntu Mono|700|||||||&#8221; header_5_text_color=&#8221;#2a2a29&#8243; header_6_font=&#8221;Ubuntu Mono|700|||||||&#8221; custom_padding=&#8221;||25px||false|false&#8221; text_font_size_tablet=&#8221;17px&#8221; text_font_size_phone=&#8221;16px&#8221; text_font_size_last_edited=&#8221;on|phone&#8221; header_2_font_size_tablet=&#8221;38px&#8221; header_2_font_size_phone=&#8221;35px&#8221; header_2_font_size_last_edited=&#8221;on|phone&#8221; header_3_font_size_tablet=&#8221;&#8221; header_3_font_size_phone=&#8221;29px&#8221; header_3_font_size_last_edited=&#8221;on|phone&#8221; border_color_bottom=&#8221;#de6f5b&#8221;]<\/p>\n<p>A sess\u00e3o tem\u00e1tica de \u201cAltera\u00e7\u00f5es clim\u00e1ticas e gest\u00e3o dos espa\u00e7os costeiros\u201d, abordar\u00e1 as principais quest\u00f5es que se colocam atualmente na gest\u00e3o das zonas costeiras em contexto de altera\u00e7\u00f5es clim\u00e1ticas, metodologias de an\u00e1lise da evolu\u00e7\u00e3o da linha de costa e de inunda\u00e7\u00e3o costeira\/estuarina assim como, medidas e a\u00e7\u00f5es no \u00e2mbito da estrat\u00e9gia de adapta\u00e7\u00e3o: medidas estruturais de prote\u00e7\u00e3o costeira, medidas de acomoda\u00e7\u00e3o e retirada, governa\u00e7\u00e3o e medidas locais de sensibiliza\u00e7\u00e3o das comunidades por via da participa\u00e7\u00e3o e capacita\u00e7\u00e3o dos v\u00e1rios intervenientes.<\/p>\n<p>[\/et_pb_text][\/et_pb_column][\/et_pb_row][et_pb_row column_structure=&#8221;1_2,1_2&#8243; use_custom_gutter=&#8221;on&#8221; gutter_width=&#8221;2&#8243; make_equal=&#8221;on&#8221; _builder_version=&#8221;4.6.6&#8243; custom_padding=&#8221;10px||10px||false|false&#8221; animation_direction=&#8221;top&#8221; border_color_all=&#8221;rgba(51,51,51,0.05)&#8221; border_color_top=&#8221;#de6f5b&#8221; border_color_bottom=&#8221;#de6f5b&#8221;][et_pb_column type=&#8221;1_2&#8243; _builder_version=&#8221;4.6.5&#8243; background_color=&#8221;rgba(0,0,0,0)&#8221; custom_padding=&#8221;2%|2%|2%|2%|true|true&#8221; custom_padding__hover=&#8221;|||&#8221;][et_pb_blurb title=&#8221;Coordena&#8221; use_icon=&#8221;on&#8221; font_icon=&#8221;%%176%%&#8221; icon_color=&#8221;#de6f5b&#8221; icon_placement=&#8221;left&#8221; use_icon_font_size=&#8221;on&#8221; icon_font_size=&#8221;40px&#8221; _builder_version=&#8221;4.6.6&#8243; _module_preset=&#8221;default&#8221; header_font=&#8221;|700|||||||&#8221; header_text_color=&#8221;#fdfcec&#8221; body_font=&#8221;|600|||||||&#8221; body_text_color=&#8221;#fdfcec&#8221; body_font_size=&#8221;18px&#8221; custom_margin=&#8221;||30px||false|false&#8221; body_font_size_tablet=&#8221;&#8221; body_font_size_phone=&#8221;&#8221; body_font_size_last_edited=&#8221;on|phone&#8221;]<\/p>\n<p><strong>Teresa \u00c1lvares.\u00a0<\/strong>Departamento do Litoral e Prote\u00e7\u00e3o Costeira, Ag\u00eancia Portuguesa do Ambiente<\/p>\n<p>[\/et_pb_blurb][\/et_pb_column][et_pb_column type=&#8221;1_2&#8243; _builder_version=&#8221;4.6.5&#8243; background_color=&#8221;rgba(0,0,0,0)&#8221; custom_padding=&#8221;2%|2%|2%|2%|true|true&#8221; custom_padding__hover=&#8221;|||&#8221;][et_pb_blurb title=&#8221;Interv\u00eam&#8221; use_icon=&#8221;on&#8221; font_icon=&#8221;%%259%%&#8221; icon_color=&#8221;#de6f5b&#8221; icon_placement=&#8221;left&#8221; use_icon_font_size=&#8221;on&#8221; icon_font_size=&#8221;40px&#8221; _builder_version=&#8221;4.6.6&#8243; _module_preset=&#8221;default&#8221; header_font=&#8221;|700|||||||&#8221; header_text_color=&#8221;#fdfcec&#8221; body_text_color=&#8221;#fdfcec&#8221; body_link_text_color=&#8221;#964e54&#8243; header_font_size_tablet=&#8221;&#8221; header_font_size_phone=&#8221;&#8221; header_font_size_last_edited=&#8221;on|phone&#8221;]<\/p>\n<ul>\n<li><strong>Alexandra Toimil,<\/strong> Instituto Hidra\u00falica de Cantabria<\/li>\n<li><strong>Celso Pinto,<\/strong> Ag\u00eancia Portuguesa do Ambiente<\/li>\n<li><strong>Juan Taboada,<\/strong> Meteo Galicia<\/li>\n<li><strong>Paula Freire,<\/strong> Laborat\u00f3rio Nacional de Engenharia Civil<\/li>\n<li><strong>Jos\u00e9 Francisco S\u00e1nchez,<\/strong> Centro de Estudos dos Portos e Costas do CEDEX<\/li>\n<li><span><strong>S\u00e9rgio Barroso,<\/strong> Centro de Estudos e Desenvolvimento Regional e Urbano (CEDRU)<\/span><\/li>\n<\/ul>\n<p>[\/et_pb_blurb][\/et_pb_column][\/et_pb_row][\/et_pb_section][et_pb_section fb_built=&#8221;1&#8243; admin_label=&#8221;#Adaptes&#8221; _builder_version=&#8221;4.6.5&#8243; _module_preset=&#8221;default&#8221; background_color=&#8221;#fdfcec&#8221; custom_padding=&#8221;80px||0px|||&#8221; locked=&#8221;off&#8221; collapsed=&#8221;off&#8221;][et_pb_row admin_label=&#8221;Fila&#8221; _builder_version=&#8221;4.6.5&#8243; _module_preset=&#8221;default&#8221; custom_padding=&#8221;||0px|||&#8221;][et_pb_column type=&#8221;4_4&#8243; _builder_version=&#8221;4.6.5&#8243; _module_preset=&#8221;default&#8221;][et_pb_text admin_label=&#8221;#Adaptes&#8221; _builder_version=&#8221;4.6.5&#8243; _module_preset=&#8221;default&#8221; header_2_font=&#8221;||||||||&#8221; header_2_font_size=&#8221;30px&#8221;]<\/p>\n<h2 style=\"text-align: center;\">#Adaptes<\/h2>\n<p>[\/et_pb_text][et_pb_text _builder_version=&#8221;4.6.6&#8243; _module_preset=&#8221;default&#8221; text_font=&#8221;|700|||||||&#8221; text_font_size=&#8221;18px&#8221; header_2_font=&#8221;||||||||&#8221; header_2_font_size=&#8221;30px&#8221; text_orientation=&#8221;center&#8221; custom_margin=&#8221;||-16px||false|false&#8221;]Ajuda-nos a partilhar esta informa\u00e7\u00e3o?[\/et_pb_text][\/et_pb_column][\/et_pb_row][\/et_pb_section]<\/p>\n","protected":false},"excerpt":{"rendered":"<p>09:00-10:30 WETAltera\u00e7\u00f5es clim\u00e1ticas e gest\u00e3o dos espa\u00e7os costeiros Metodolog\u00eda para el an\u00e1lisis de la evoluci\u00f3n de la l\u00ednea de costa, Alexandra Toimil A alimenta\u00e7\u00e3o artificial de praias em Portugal em contexto de adapta\u00e7\u00e3o \u00e0s altera\u00e7\u00f5es clim\u00e1ticas, Celso A. Pinto Estrategias y planes de protecci\u00f3n de la costa espa\u00f1ola para el control de la erosi\u00f3n y [&hellip;]<\/p>\n","protected":false},"author":4,"featured_media":0,"parent":2024,"menu_order":0,"comment_status":"closed","ping_status":"closed","template":"","meta":{"_et_pb_use_builder":"on","_et_pb_old_content":"","_et_gb_content_width":"","footnotes":""},"class_list":["post-3434","page","type-page","status-publish","hentry"],"_links":{"self":[{"href":"https:\/\/conferencia.lifeshara.com\/pt-pt\/wp-json\/wp\/v2\/pages\/3434","targetHints":{"allow":["GET"]}}],"collection":[{"href":"https:\/\/conferencia.lifeshara.com\/pt-pt\/wp-json\/wp\/v2\/pages"}],"about":[{"href":"https:\/\/conferencia.lifeshara.com\/pt-pt\/wp-json\/wp\/v2\/types\/page"}],"author":[{"embeddable":true,"href":"https:\/\/conferencia.lifeshara.com\/pt-pt\/wp-json\/wp\/v2\/users\/4"}],"replies":[{"embeddable":true,"href":"https:\/\/conferencia.lifeshara.com\/pt-pt\/wp-json\/wp\/v2\/comments?post=3434"}],"version-history":[{"count":0,"href":"https:\/\/conferencia.lifeshara.com\/pt-pt\/wp-json\/wp\/v2\/pages\/3434\/revisions"}],"up":[{"embeddable":true,"href":"https:\/\/conferencia.lifeshara.com\/pt-pt\/wp-json\/wp\/v2\/pages\/2024"}],"wp:attachment":[{"href":"https:\/\/conferencia.lifeshara.com\/pt-pt\/wp-json\/wp\/v2\/media?parent=3434"}],"curies":[{"name":"wp","href":"https:\/\/api.w.org\/{rel}","templated":true}]}}