{"id":3309,"date":"2020-11-12T07:57:59","date_gmt":"2020-11-12T06:57:59","guid":{"rendered":"https:\/\/conferencia.lifeshara.com\/programa\/sessoes\/sesion-07\/"},"modified":"2021-01-28T10:05:47","modified_gmt":"2021-01-28T09:05:47","slug":"sessao-07","status":"publish","type":"page","link":"https:\/\/conferencia.lifeshara.com\/pt-pt\/programa\/sessoes\/sessao-07\/","title":{"rendered":"Sess\u00e3o 07"},"content":{"rendered":"<p>[et_pb_section fb_built=&#8221;1&#8243; admin_label=&#8221;Cabecera p\u00e1gina&#8221; _builder_version=&#8221;4.6.6&#8243; _module_preset=&#8221;default&#8221; background_color=&#8221;#946aab&#8221; custom_margin=&#8221;0px||||false|false&#8221; custom_margin_tablet=&#8221;0px||||false|false&#8221; custom_margin_phone=&#8221;&#8221; custom_margin_last_edited=&#8221;on|phone&#8221; custom_padding=&#8221;0px|||||&#8221;][et_pb_row column_structure=&#8221;3_5,2_5&#8243; _builder_version=&#8221;4.6.6&#8243; _module_preset=&#8221;default&#8221; background_enable_color=&#8221;off&#8221; width=&#8221;100%&#8221; max_width=&#8221;100%&#8221; custom_margin_last_edited=&#8221;off|desktop&#8221; custom_padding=&#8221;0px|||||&#8221; custom_margin__hover_enabled=&#8221;off|desktop&#8221;][et_pb_column type=&#8221;3_5&#8243; _builder_version=&#8221;4.6.6&#8243; _module_preset=&#8221;default&#8221; background_color=&#8221;#ffFFFF&#8221;][et_pb_cta title=&#8221;SESS\u00c3O TEM\u00c1TICA 07&#8243; button_url=&#8221;#sesion&#8221; admin_label=&#8221;T\u00edtulo+subt\u00edtulo+bot\u00f3n&#8221; _builder_version=&#8221;4.6.6&#8243; _module_preset=&#8221;default&#8221; header_font=&#8221;|700|||||||&#8221; header_text_align=&#8221;left&#8221; header_text_color=&#8221;#2a2a29&#8243; header_letter_spacing=&#8221;2px&#8221; body_font=&#8221;Ubuntu Mono||||||||&#8221; body_text_align=&#8221;left&#8221; body_text_color=&#8221;#de6f5b&#8221; body_font_size=&#8221;25px&#8221; body_line_height=&#8221;1.3em&#8221; background_color=&#8221;rgba(0,0,0,0)&#8221; custom_button=&#8221;on&#8221; button_font=&#8221;|700|||||||&#8221; button_icon=&#8221;%%1%%&#8221; button_on_hover=&#8221;off&#8221; text_orientation=&#8221;left&#8221; background_layout=&#8221;light&#8221; width=&#8221;80%&#8221; width_tablet=&#8221;75%&#8221; width_phone=&#8221;100%&#8221; width_last_edited=&#8221;on|phone&#8221; module_alignment=&#8221;right&#8221; custom_margin=&#8221;70px|0px|10px||false|false&#8221; custom_margin_tablet=&#8221;80px||10px||false|false&#8221; custom_margin_phone=&#8221;80px||0px||false|false&#8221; custom_margin_last_edited=&#8221;on|phone&#8221; custom_padding=&#8221;|0px|0px||false|false&#8221; header_font_size_tablet=&#8221;&#8221; header_font_size_phone=&#8221;&#8221; header_font_size_last_edited=&#8221;on|phone&#8221; body_font_size_tablet=&#8221;24px&#8221; body_font_size_phone=&#8221;22px&#8221; body_font_size_last_edited=&#8221;on|phone&#8221; module_alignment_tablet=&#8221;center&#8221; module_alignment_phone=&#8221;&#8221; module_alignment_last_edited=&#8221;on|tablet&#8221; custom_css_promo_button=&#8221;margin-top: 20px; &#8221; custom_css_promo_title=&#8221;padding-bottom:20px; &#8221; button_bg_color__hover_enabled=&#8221;on|hover&#8221; button_bg_color__hover=&#8221;#fdfcec&#8221; button_bg_enable_color__hover=&#8221;on&#8221;]<\/p>\n<p><span>Quinta feira<\/span> 19<br \/><strong>14:00\u201315:30\u00a0<\/strong>WET<\/p>\n<p>[\/et_pb_cta][et_pb_cta button_url=&#8221;#sesion&#8221; button_text=&#8221;VER SESS\u00c3O&#8221; admin_label=&#8221;T\u00edtulo+subt\u00edtulo+bot\u00f3n&#8221; _builder_version=&#8221;4.6.6&#8243; _module_preset=&#8221;default&#8221; header_level=&#8221;h1&#8243; header_font=&#8221;|700|||||||&#8221; header_text_align=&#8221;left&#8221; header_text_color=&#8221;#2a2a29&#8243; header_font_size=&#8221;45px&#8221; header_letter_spacing=&#8221;2px&#8221; body_font=&#8221;Ubuntu Mono|700|||||||&#8221; body_text_align=&#8221;left&#8221; body_text_color=&#8221;#2a2a29&#8243; body_font_size=&#8221;35px&#8221; body_line_height=&#8221;1.1em&#8221; background_color=&#8221;rgba(0,0,0,0)&#8221; custom_button=&#8221;on&#8221; button_font=&#8221;|700|||||||&#8221; button_icon=&#8221;%%1%%&#8221; button_on_hover=&#8221;off&#8221; text_orientation=&#8221;left&#8221; background_layout=&#8221;light&#8221; width=&#8221;80%&#8221; width_tablet=&#8221;75%&#8221; width_phone=&#8221;100%&#8221; width_last_edited=&#8221;on|phone&#8221; module_alignment=&#8221;right&#8221; custom_margin=&#8221;2px||50px||false|false&#8221; custom_margin_tablet=&#8221;||80px||false|false&#8221; custom_margin_phone=&#8221;20px||50px||false|false&#8221; custom_margin_last_edited=&#8221;on|tablet&#8221; custom_padding=&#8221;0px|10%|||false|false&#8221; custom_padding_tablet=&#8221;|20%|||false|false&#8221; custom_padding_phone=&#8221;|10%|||false|false&#8221; custom_padding_last_edited=&#8221;on|phone&#8221; header_font_size_tablet=&#8221;40px&#8221; header_font_size_phone=&#8221;30px&#8221; header_font_size_last_edited=&#8221;on|phone&#8221; body_font_size_tablet=&#8221;35px&#8221; body_font_size_phone=&#8221;30px&#8221; body_font_size_last_edited=&#8221;on|phone&#8221; module_alignment_tablet=&#8221;center&#8221; module_alignment_phone=&#8221;&#8221; module_alignment_last_edited=&#8221;on|tablet&#8221; custom_css_promo_button=&#8221;margin-top: 20px; &#8221; custom_css_promo_title=&#8221;padding-bottom:20px; &#8221; button_bg_color__hover_enabled=&#8221;on|hover&#8221; button_bg_color__hover=&#8221;#fdfcec&#8221; button_bg_enable_color__hover=&#8221;on&#8221;]<\/p>\n<p>Informa\u00e7\u00e3o, educa\u00e7\u00e3o e capacita\u00e7\u00e3o para a adapta\u00e7\u00e3o \u00e0s altera\u00e7\u00f5es clim\u00e1ticas<\/p>\n<p>[\/et_pb_cta][\/et_pb_column][et_pb_column type=&#8221;2_5&#8243; _builder_version=&#8221;4.6.6&#8243; _module_preset=&#8221;default&#8221; background_enable_color=&#8221;off&#8221;][et_pb_divider show_divider=&#8221;off&#8221; _builder_version=&#8221;4.6.6&#8243; _module_preset=&#8221;default&#8221;][\/et_pb_divider][et_pb_image src=&#8221;https:\/\/conferencia.lifeshara.com\/wp-content\/uploads\/2020\/10\/Adaptes-Sesion-07-opt.gif&#8221; title_text=&#8221;Adaptes-Sesion-07-opt&#8221; align=&#8221;center&#8221; _builder_version=&#8221;4.6.6&#8243; width=&#8221;90%&#8221; width_tablet=&#8221;70%&#8221; width_phone=&#8221;&#8221; width_last_edited=&#8221;on|tablet&#8221; module_alignment=&#8221;center&#8221; max_height_tablet=&#8221;400px&#8221; max_height_phone=&#8221;&#8221; max_height_last_edited=&#8221;on|tablet&#8221; custom_margin=&#8221;|||-100px|false|false&#8221; custom_margin_tablet=&#8221;|||0px|false|false&#8221; custom_margin_phone=&#8221;&#8221; custom_margin_last_edited=&#8221;on|tablet&#8221; custom_padding=&#8221;40px||40px||true|false&#8221; custom_padding_tablet=&#8221;0px||0px||false|false&#8221; custom_padding_phone=&#8221;0px||0px||true|false&#8221; custom_padding_last_edited=&#8221;on|phone&#8221; scroll_vertical_motion_enable=&#8221;on&#8221; scroll_vertical_motion=&#8221;0|82|82|100|1|0|-1&#8243; locked=&#8221;off&#8221;][\/et_pb_image][\/et_pb_column][\/et_pb_row][\/et_pb_section][et_pb_section fb_built=&#8221;1&#8243; admin_label=&#8221;Cuerpo p\u00e1gina&#8221; module_id=&#8221;sesion&#8221; _builder_version=&#8221;4.6.6&#8243; background_color=&#8221;#946aab&#8221; custom_margin=&#8221;-60px||||false|false&#8221; locked=&#8221;off&#8221;][et_pb_row column_structure=&#8221;3_5,2_5&#8243; use_custom_gutter=&#8221;on&#8221; gutter_width=&#8221;2&#8243; make_equal=&#8221;on&#8221; disabled_on=&#8221;off|off|off&#8221; _builder_version=&#8221;4.6.6&#8243; custom_padding=&#8221;10px||10px||false|false&#8221; animation_direction=&#8221;top&#8221; border_color_all=&#8221;rgba(51,51,51,0.05)&#8221; border_width_top=&#8221;1px&#8221; border_color_top=&#8221;#de6f5b&#8221; border_color_bottom=&#8221;#de6f5b&#8221;][et_pb_column type=&#8221;3_5&#8243; _builder_version=&#8221;4.6.5&#8243; background_color=&#8221;rgba(0,0,0,0)&#8221; custom_padding=&#8221;2%|2%|2%|2%|true|true&#8221; custom_padding__hover=&#8221;|||&#8221;][et_pb_video src=&#8221;https:\/\/youtu.be\/0Jow9TPEtio&#8221; image_src=&#8221;https:\/\/conferencia.lifeshara.com\/wp-content\/uploads\/2020\/11\/Adaptes__fondo-pantalla_S07@2x.png&#8221; play_icon_color=&#8221;#fdfcec&#8221; thumbnail_overlay_color=&#8221;rgba(0,0,0,0.6)&#8221; _builder_version=&#8221;4.6.6&#8243; _module_preset=&#8221;default&#8221; border_width_all=&#8221;1px&#8221; border_color_all=&#8221;#fdfcec&#8221;][\/et_pb_video][\/et_pb_column][et_pb_column type=&#8221;2_5&#8243; _builder_version=&#8221;4.6.5&#8243; background_color=&#8221;rgba(0,0,0,0)&#8221; custom_padding=&#8221;2%|2%|2%|2%|true|true&#8221; custom_padding__hover=&#8221;|||&#8221;][et_pb_blurb title=&#8221;Interven\u00e7\u00f5es&#8221; use_icon=&#8221;on&#8221; font_icon=&#8221;%%375%%&#8221; icon_color=&#8221;#de6f5b&#8221; icon_placement=&#8221;left&#8221; use_icon_font_size=&#8221;on&#8221; icon_font_size=&#8221;40px&#8221; _builder_version=&#8221;4.6.6&#8243; _module_preset=&#8221;default&#8221; header_font=&#8221;|700|||||||&#8221; header_text_color=&#8221;#fdfcec&#8221; body_font=&#8221;|700|||||||&#8221; body_link_font=&#8221;|700|||||||&#8221; hover_enabled=&#8221;0&#8243; header_font_size_tablet=&#8221;&#8221; header_font_size_phone=&#8221;&#8221; header_font_size_last_edited=&#8221;on|phone&#8221; body_link_text_color__hover_enabled=&#8221;on|desktop&#8221; body_link_text_color__hover=&#8221;#2a2a29&#8243; body_text_color=&#8221;#fdfcec&#8221; sticky_enabled=&#8221;0&#8243;]<\/p>\n<p>N\u00e3o tem\u00a0interven\u00e7\u00f5es.<\/p>\n<p>[\/et_pb_blurb][\/et_pb_column][\/et_pb_row][et_pb_row use_custom_gutter=&#8221;on&#8221; gutter_width=&#8221;2&#8243; make_equal=&#8221;on&#8221; _builder_version=&#8221;4.6.6&#8243; custom_padding=&#8221;10px||10px||false|false&#8221; animation_direction=&#8221;top&#8221; border_color_all=&#8221;rgba(51,51,51,0.05)&#8221; border_width_top=&#8221;1px&#8221; border_color_top=&#8221;#fdfcec&#8221; border_width_bottom=&#8221;1px&#8221; border_color_bottom=&#8221;#fdfcec&#8221;][et_pb_column type=&#8221;4_4&#8243; _builder_version=&#8221;4.6.5&#8243; background_color=&#8221;rgba(0,0,0,0)&#8221; custom_padding=&#8221;2%|2%|2%|2%|true|true&#8221; custom_padding__hover=&#8221;|||&#8221;][et_pb_text _builder_version=&#8221;4.6.6&#8243; text_font=&#8221;||||||||&#8221; text_text_color=&#8221;#fdfcec&#8221; text_font_size=&#8221;18px&#8221; header_font=&#8221;Ubuntu Mono|700|||||||&#8221; header_text_color=&#8221;#fdfcec&#8221; header_2_font=&#8221;Ubuntu Mono|700|||||||&#8221; header_2_text_color=&#8221;#fdfcec&#8221; header_2_font_size=&#8221;38px&#8221; header_3_font=&#8221;Ubuntu Mono|700|||||||&#8221; header_3_text_color=&#8221;#2a2a29&#8243; header_3_font_size=&#8221;32px&#8221; header_4_font=&#8221;Ubuntu Mono|700|||||||&#8221; header_4_text_color=&#8221;#fdfcec&#8221; header_4_letter_spacing=&#8221;3px&#8221; header_5_font=&#8221;Ubuntu Mono|700|||||||&#8221; header_5_text_color=&#8221;#2a2a29&#8243; header_6_font=&#8221;Ubuntu Mono|700|||||||&#8221; custom_padding=&#8221;||25px||false|false&#8221; text_font_size_tablet=&#8221;17px&#8221; text_font_size_phone=&#8221;16px&#8221; text_font_size_last_edited=&#8221;on|phone&#8221; header_2_font_size_tablet=&#8221;38px&#8221; header_2_font_size_phone=&#8221;35px&#8221; header_2_font_size_last_edited=&#8221;on|phone&#8221; header_3_font_size_tablet=&#8221;&#8221; header_3_font_size_phone=&#8221;29px&#8221; header_3_font_size_last_edited=&#8221;on|phone&#8221; border_color_bottom=&#8221;#de6f5b&#8221;]<\/p>\n<p>A educa\u00e7\u00e3o e a informa\u00e7\u00e3o s\u00e3o recorrentemente citadas em qualquer documento estrat\u00e9gico associado ao ambiente, em geral, e \u00e0 adapta\u00e7\u00e3o \u00e0s altera\u00e7\u00f5es clim\u00e1ticas, em particular.<\/p>\n<p>O seu papel na sensibiliza\u00e7\u00e3o do p\u00fablico \u00e9 determinante, no entanto, a diversidade de op\u00e7\u00f5es na coordena\u00e7\u00e3o e a implementa\u00e7\u00e3o deste tipo de iniciativas resulta numa cartografia t\u00e3o heterog\u00e9nea, quanto difusa.<\/p>\n<p>Atrav\u00e9s de uma leitura complementar desde o estado, a escola, os equipamentos, um setor profissional e uma iniciativa de voluntariado, queremos saber quais e como se articulam as propostas educativas para a adapta\u00e7\u00e3o \u00e0s altera\u00e7\u00f5es clim\u00e1ticas em Portugal e Espanha; analisando sinergias, necessidades, pontos d\u00e9beis e oportunidades, pretende-se avan\u00e7ar na identifica\u00e7\u00e3o de elementos chave, tanto no plano da colabora\u00e7\u00e3o ib\u00e9rica, como no da coordena\u00e7\u00e3o e implementa\u00e7\u00e3o das interven\u00e7\u00f5es educativas.<\/p>\n<p>[\/et_pb_text][\/et_pb_column][\/et_pb_row][et_pb_row column_structure=&#8221;1_2,1_2&#8243; use_custom_gutter=&#8221;on&#8221; gutter_width=&#8221;2&#8243; make_equal=&#8221;on&#8221; _builder_version=&#8221;4.6.6&#8243; custom_padding=&#8221;10px||10px||false|false&#8221; animation_direction=&#8221;top&#8221; border_color_all=&#8221;rgba(51,51,51,0.05)&#8221; border_color_top=&#8221;#de6f5b&#8221; border_color_bottom=&#8221;#de6f5b&#8221;][et_pb_column type=&#8221;1_2&#8243; _builder_version=&#8221;4.6.5&#8243; background_color=&#8221;rgba(0,0,0,0)&#8221; custom_padding=&#8221;2%|2%|2%|2%|true|true&#8221; custom_padding__hover=&#8221;|||&#8221;][et_pb_blurb title=&#8221;Coordena&#8221; use_icon=&#8221;on&#8221; font_icon=&#8221;%%176%%&#8221; icon_color=&#8221;#de6f5b&#8221; icon_placement=&#8221;left&#8221; use_icon_font_size=&#8221;on&#8221; icon_font_size=&#8221;40px&#8221; _builder_version=&#8221;4.6.6&#8243; _module_preset=&#8221;default&#8221; header_font=&#8221;|700|||||||&#8221; header_text_color=&#8221;#fdfcec&#8221; body_font=&#8221;|600|||||||&#8221; body_text_color=&#8221;#fdfcec&#8221; body_font_size=&#8221;18px&#8221; custom_margin=&#8221;||30px||false|false&#8221; body_font_size_tablet=&#8221;&#8221; body_font_size_phone=&#8221;&#8221; body_font_size_last_edited=&#8221;on|phone&#8221;]<\/p>\n<p><span><strong>Miguel Pardellas Santiago,<\/strong> Feitor\u00eda Verde S.Coop. Galega<\/span><\/p>\n<p>[\/et_pb_blurb][\/et_pb_column][et_pb_column type=&#8221;1_2&#8243; _builder_version=&#8221;4.6.5&#8243; background_color=&#8221;rgba(0,0,0,0)&#8221; custom_padding=&#8221;2%|2%|2%|2%|true|true&#8221; custom_padding__hover=&#8221;|||&#8221;][et_pb_blurb title=&#8221;Interv\u00eam&#8221; use_icon=&#8221;on&#8221; font_icon=&#8221;%%259%%&#8221; icon_color=&#8221;#de6f5b&#8221; icon_placement=&#8221;left&#8221; use_icon_font_size=&#8221;on&#8221; icon_font_size=&#8221;40px&#8221; _builder_version=&#8221;4.6.6&#8243; _module_preset=&#8221;default&#8221; header_font=&#8221;|700|||||||&#8221; header_text_color=&#8221;#fdfcec&#8221; body_text_color=&#8221;#fdfcec&#8221; header_font_size_tablet=&#8221;&#8221; header_font_size_phone=&#8221;&#8221; header_font_size_last_edited=&#8221;on|phone&#8221;]<\/p>\n<ul>\n<li>\n<p><span><strong>Francisco Teixeira,<\/strong> Ag\u00eancia Portuguesa do Ambiente<\/span><\/p>\n<\/li>\n<li>\n<p><span><\/span><span><strong>Concei\u00e7\u00e3o Cola\u00e7o,\u00a0<\/strong>\u00a0<\/span>Centro de Ecolog\u00eda Aplicada Baeta Neves, Instituto Superior de Agronom\u00eda, Universidad de Lisboa.<\/p>\n<\/li>\n<li>\n<p><span><\/span><span><strong>Mari Luz D\u00edaz,<\/strong> Huerto Alegre<\/span><\/p>\n<\/li>\n<li>\n<p><span><\/span><span><strong>Germ\u00e1n Llarena,<\/strong> C\u00e2mara Municipal de Sant Cugat del Vall\u00e8s<\/span><\/p>\n<\/li>\n<li>\n<p><span><\/span><span><strong>Amaia Esparza,<\/strong> Garrapo S.L.<\/span><\/p>\n<\/li>\n<\/ul>\n<p>[\/et_pb_blurb][\/et_pb_column][\/et_pb_row][\/et_pb_section][et_pb_section fb_built=&#8221;1&#8243; admin_label=&#8221;#Adaptes&#8221; _builder_version=&#8221;4.6.5&#8243; _module_preset=&#8221;default&#8221; background_color=&#8221;#fdfcec&#8221; custom_padding=&#8221;80px||0px|||&#8221; locked=&#8221;off&#8221; collapsed=&#8221;off&#8221;][et_pb_row admin_label=&#8221;Fila&#8221; _builder_version=&#8221;4.6.5&#8243; _module_preset=&#8221;default&#8221; custom_padding=&#8221;||0px|||&#8221;][et_pb_column type=&#8221;4_4&#8243; _builder_version=&#8221;4.6.5&#8243; _module_preset=&#8221;default&#8221;][et_pb_text admin_label=&#8221;#Adaptes&#8221; _builder_version=&#8221;4.6.5&#8243; _module_preset=&#8221;default&#8221; header_2_font=&#8221;||||||||&#8221; header_2_font_size=&#8221;30px&#8221;]<\/p>\n<h2 style=\"text-align: center;\">#Adaptes<\/h2>\n<p>[\/et_pb_text][\/et_pb_column][\/et_pb_row][\/et_pb_section]<\/p>\n","protected":false},"excerpt":{"rendered":"<p>Quinta feira 1914:00\u201315:30\u00a0WETInforma\u00e7\u00e3o, educa\u00e7\u00e3o e capacita\u00e7\u00e3o para a adapta\u00e7\u00e3o \u00e0s altera\u00e7\u00f5es clim\u00e1ticasN\u00e3o tem\u00a0interven\u00e7\u00f5es. A educa\u00e7\u00e3o e a informa\u00e7\u00e3o s\u00e3o recorrentemente citadas em qualquer documento estrat\u00e9gico associado ao ambiente, em geral, e \u00e0 adapta\u00e7\u00e3o \u00e0s altera\u00e7\u00f5es clim\u00e1ticas, em particular. O seu papel na sensibiliza\u00e7\u00e3o do p\u00fablico \u00e9 determinante, no entanto, a diversidade de op\u00e7\u00f5es na coordena\u00e7\u00e3o [&hellip;]<\/p>\n","protected":false},"author":2,"featured_media":2084,"parent":2024,"menu_order":0,"comment_status":"closed","ping_status":"closed","template":"","meta":{"_et_pb_use_builder":"on","_et_pb_old_content":"","_et_gb_content_width":"","footnotes":""},"class_list":["post-3309","page","type-page","status-publish","has-post-thumbnail","hentry"],"_links":{"self":[{"href":"https:\/\/conferencia.lifeshara.com\/pt-pt\/wp-json\/wp\/v2\/pages\/3309","targetHints":{"allow":["GET"]}}],"collection":[{"href":"https:\/\/conferencia.lifeshara.com\/pt-pt\/wp-json\/wp\/v2\/pages"}],"about":[{"href":"https:\/\/conferencia.lifeshara.com\/pt-pt\/wp-json\/wp\/v2\/types\/page"}],"author":[{"embeddable":true,"href":"https:\/\/conferencia.lifeshara.com\/pt-pt\/wp-json\/wp\/v2\/users\/2"}],"replies":[{"embeddable":true,"href":"https:\/\/conferencia.lifeshara.com\/pt-pt\/wp-json\/wp\/v2\/comments?post=3309"}],"version-history":[{"count":0,"href":"https:\/\/conferencia.lifeshara.com\/pt-pt\/wp-json\/wp\/v2\/pages\/3309\/revisions"}],"up":[{"embeddable":true,"href":"https:\/\/conferencia.lifeshara.com\/pt-pt\/wp-json\/wp\/v2\/pages\/2024"}],"wp:featuredmedia":[{"embeddable":true,"href":"https:\/\/conferencia.lifeshara.com\/pt-pt\/wp-json\/wp\/v2\/media\/2084"}],"wp:attachment":[{"href":"https:\/\/conferencia.lifeshara.com\/pt-pt\/wp-json\/wp\/v2\/media?parent=3309"}],"curies":[{"name":"wp","href":"https:\/\/api.w.org\/{rel}","templated":true}]}}