{"id":1999,"date":"2020-10-13T07:31:06","date_gmt":"2020-10-13T05:31:06","guid":{"rendered":"https:\/\/conferencia.lifeshara.com\/que-es-adaptes\/"},"modified":"2021-03-03T07:58:07","modified_gmt":"2021-03-03T06:58:07","slug":"o-que-e-a-adaptes","status":"publish","type":"page","link":"https:\/\/conferencia.lifeshara.com\/pt-pt\/o-que-e-a-adaptes\/","title":{"rendered":"O que \u00e9 a Adaptes"},"content":{"rendered":"<p>[et_pb_section fb_built=&#8221;1&#8243; admin_label=&#8221;Cabecera p\u00e1gina&#8221; _builder_version=&#8221;4.6.6&#8243; _module_preset=&#8221;default&#8221; background_color=&#8221;rgba(0,0,0,0)&#8221; custom_margin=&#8221;0px||||false|false&#8221; custom_margin_tablet=&#8221;&#8221; custom_margin_phone=&#8221;&#8221; custom_margin_last_edited=&#8221;on|desktop&#8221; custom_padding=&#8221;0px|||||&#8221;][et_pb_row column_structure=&#8221;1_2,1_2&#8243; _builder_version=&#8221;4.6.6&#8243; _module_preset=&#8221;default&#8221; background_color=&#8221;rgba(0,0,0,0)&#8221; width=&#8221;100%&#8221; max_width=&#8221;100%&#8221; custom_margin_last_edited=&#8221;off|desktop&#8221; custom_padding=&#8221;0px|||||&#8221; custom_margin__hover_enabled=&#8221;off|desktop&#8221;][et_pb_column type=&#8221;1_2&#8243; _builder_version=&#8221;4.6.6&#8243; _module_preset=&#8221;default&#8221; background_color=&#8221;#ffFFFF&#8221;][et_pb_cta title=&#8221;O que \u00e9 a Adaptes?&#8221; button_url=&#8221;#info&#8221; button_text=&#8221;CONTINUAR A LER&#8221; admin_label=&#8221;T\u00edtulo+subt\u00edtulo+bot\u00f3n&#8221; _builder_version=&#8221;4.6.6&#8243; _module_preset=&#8221;default&#8221; header_level=&#8221;h1&#8243; header_font=&#8221;|700|||||||&#8221; header_text_align=&#8221;left&#8221; header_text_color=&#8221;#2a2a29&#8243; header_font_size=&#8221;60px&#8221; body_text_align=&#8221;left&#8221; body_text_color=&#8221;#2a2a29&#8243; body_font_size=&#8221;20px&#8221; background_color=&#8221;rgba(0,0,0,0)&#8221; custom_button=&#8221;on&#8221; button_font=&#8221;|700|||||||&#8221; button_icon=&#8221;%%1%%&#8221; button_on_hover=&#8221;off&#8221; text_orientation=&#8221;left&#8221; background_layout=&#8221;light&#8221; width=&#8221;75%&#8221; width_tablet=&#8221;75%&#8221; width_phone=&#8221;90%&#8221; width_last_edited=&#8221;on|tablet&#8221; module_alignment=&#8221;right&#8221; custom_margin=&#8221;70px||50px||false|false&#8221; custom_margin_tablet=&#8221;||80px||false|false&#8221; custom_margin_phone=&#8221;80px||50px||false|false&#8221; custom_margin_last_edited=&#8221;on|phone&#8221; header_font_size_tablet=&#8221;50px&#8221; header_font_size_phone=&#8221;40px&#8221; header_font_size_last_edited=&#8221;on|phone&#8221; body_font_size_tablet=&#8221;&#8221; body_font_size_phone=&#8221;18px&#8221; body_font_size_last_edited=&#8221;on|phone&#8221; module_alignment_tablet=&#8221;center&#8221; module_alignment_phone=&#8221;&#8221; module_alignment_last_edited=&#8221;on|tablet&#8221; custom_css_promo_button=&#8221;margin-top: 20px; &#8221; custom_css_promo_title=&#8221;padding-bottom:20px; &#8221; button_bg_color__hover_enabled=&#8221;on|hover&#8221; button_bg_color__hover=&#8221;#fdfcec&#8221; button_bg_enable_color__hover=&#8221;on&#8221;]<\/p>\n<p>A Adaptes \u00e9 a I Confer\u00eancia Ib\u00e9rica para a Adapta\u00e7\u00e3o \u00e0s Altera\u00e7\u00f5es Clim\u00e1ticas.\n<\/p>\n<p>[\/et_pb_cta][\/et_pb_column][et_pb_column type=&#8221;1_2&#8243; _builder_version=&#8221;4.6.6&#8243; _module_preset=&#8221;default&#8221; background_color=&#8221;#fdfcec&#8221;][et_pb_image src=&#8221;https:\/\/conferencia.lifeshara.com\/wp-content\/uploads\/2020\/10\/Camaleon.gif&#8221; title_text=&#8221;Camaleon&#8221; align=&#8221;center&#8221; _builder_version=&#8221;4.6.6&#8243; max_height_tablet=&#8221;400px&#8221; max_height_phone=&#8221;&#8221; max_height_last_edited=&#8221;on|tablet&#8221; custom_margin_tablet=&#8221;|||0px|false|false&#8221; custom_margin_phone=&#8221;&#8221; custom_margin_last_edited=&#8221;on|desktop&#8221; scroll_vertical_motion_enable=&#8221;on&#8221; scroll_vertical_motion=&#8221;0|82|82|100|1|0|-1&#8243; locked=&#8221;off&#8221;][\/et_pb_image][\/et_pb_column][\/et_pb_row][\/et_pb_section][et_pb_section fb_built=&#8221;1&#8243; admin_label=&#8221;Cuerpo p\u00e1gina&#8221; module_id=&#8221;info&#8221; _builder_version=&#8221;4.6.6&#8243; background_color=&#8221;#fdfcec&#8221; background_enable_image=&#8221;off&#8221; parallax=&#8221;on&#8221; z_index=&#8221;10&#8243; overflow-x=&#8221;hidden&#8221; overflow-y=&#8221;hidden&#8221; custom_padding=&#8221;0px|||||&#8221;][et_pb_row column_structure=&#8221;1_3,2_3&#8243; _builder_version=&#8221;4.6.6&#8243;][et_pb_column type=&#8221;1_3&#8243; disabled_on=&#8221;on|on|off&#8221; _builder_version=&#8221;4.6.6&#8243; background_color=&#8221;#fdfcec&#8221; sticky_position=&#8221;top&#8221; sticky_limit_bottom=&#8221;section&#8221; sticky_position_tablet=&#8221;&#8221; sticky_position_phone=&#8221;top&#8221; sticky_position_last_edited=&#8221;on|tablet&#8221;][et_pb_divider show_divider=&#8221;off&#8221; _builder_version=&#8221;4.6.5&#8243; _module_preset=&#8221;default&#8221; height=&#8221;50px&#8221;][\/et_pb_divider][et_pb_button button_url=&#8221;#que-es-adaptes&#8221; button_text=&#8221;O que \u00e9 a Adaptes?&#8221; button_alignment=&#8221;left&#8221; admin_label=&#8221;\u00bfQU\u00c9 ES ADAPTES?&#8221; _builder_version=&#8221;4.6.6&#8243; _module_preset=&#8221;default&#8221; custom_button=&#8221;on&#8221; button_text_size=&#8221;16px&#8221; button_text_color=&#8221;#2a2a29&#8243; button_bg_color=&#8221;rgba(0,0,0,0)&#8221; button_border_width=&#8221;0px&#8221; button_letter_spacing=&#8221;3px&#8221; button_font=&#8221;Ubuntu Mono|700||on|||||&#8221; button_use_icon=&#8221;off&#8221; custom_margin=&#8221;0px||20px||false|false&#8221; custom_padding=&#8221;|10px||10px|false|true&#8221; custom_css_main_element=&#8221;width: 100%;||&#8221; custom_css_after=&#8221;  &#8221; button_bg_color__hover_enabled=&#8221;on|desktop&#8221; button_bg_color__hover=&#8221;#ffd656&#8243; button_bg_enable_color__hover=&#8221;on&#8221; button_bg_color__sticky_enabled=&#8221;off|sticky&#8221; button_bg_color__sticky=&#8221;#ffd656&#8243; button_bg_enable_color__sticky=&#8221;on&#8221;][\/et_pb_button][et_pb_button button_url=&#8221;#que-encontraras&#8221; button_text=&#8221;O que vai encontrar na Confer\u00eancia?&#8221; button_alignment=&#8221;left&#8221; admin_label=&#8221;\u00bfQu\u00e9 encontrar\u00e1s en la Conferencia?&#8221; _builder_version=&#8221;4.6.6&#8243; _module_preset=&#8221;default&#8221; custom_button=&#8221;on&#8221; button_text_size=&#8221;16px&#8221; button_text_color=&#8221;#2a2a29&#8243; button_bg_color=&#8221;rgba(0,0,0,0)&#8221; button_border_width=&#8221;0px&#8221; button_letter_spacing=&#8221;3px&#8221; button_font=&#8221;Ubuntu Mono|700||on|||||&#8221; button_use_icon=&#8221;off&#8221; custom_margin=&#8221;0px||20px||false|false&#8221; custom_padding=&#8221;|10px||10px|false|true&#8221; custom_css_main_element=&#8221;width: 100%;&#8221; button_bg_color__hover_enabled=&#8221;on|hover&#8221; button_bg_color__hover=&#8221;#f1a336&#8243; button_bg_enable_color__hover=&#8221;on&#8221; button_bg_color__sticky_enabled=&#8221;off|sticky&#8221; button_bg_color__sticky=&#8221;#f1a336&#8243; button_bg_enable_color__sticky=&#8221;on&#8221;][\/et_pb_button][et_pb_button button_url=&#8221;#objetivos&#8221; button_text=&#8221;Objetivos&#8221; button_alignment=&#8221;left&#8221; admin_label=&#8221;Objetivos&#8221; _builder_version=&#8221;4.6.6&#8243; _module_preset=&#8221;default&#8221; custom_button=&#8221;on&#8221; button_text_size=&#8221;16px&#8221; button_text_color=&#8221;#2a2a29&#8243; button_bg_color=&#8221;rgba(0,0,0,0)&#8221; button_border_width=&#8221;0px&#8221; button_letter_spacing=&#8221;3px&#8221; button_font=&#8221;Ubuntu Mono|700||on|||||&#8221; button_use_icon=&#8221;off&#8221; custom_margin=&#8221;0px||20px||false|false&#8221; custom_padding=&#8221;|10px||10px|false|true&#8221; custom_css_main_element=&#8221;width: 100%;&#8221; button_bg_color__hover_enabled=&#8221;on|desktop&#8221; button_bg_color__hover=&#8221;#de6f5b&#8221; button_bg_enable_color__hover=&#8221;on&#8221; button_bg_color__sticky_enabled=&#8221;off|sticky&#8221; button_bg_color__sticky=&#8221;#de6f5b&#8221; button_bg_enable_color__sticky=&#8221;on&#8221;][\/et_pb_button][et_pb_button button_url=&#8221;#a-quien-se-dirige&#8221; button_text=&#8221;A quem se destina a Adaptes?&#8221; button_alignment=&#8221;left&#8221; admin_label=&#8221;A qui\u00e9n va dirigido Adaptes&#8221; _builder_version=&#8221;4.6.6&#8243; _module_preset=&#8221;default&#8221; custom_button=&#8221;on&#8221; button_text_size=&#8221;16px&#8221; button_text_color=&#8221;#2a2a29&#8243; button_bg_color=&#8221;rgba(0,0,0,0)&#8221; button_border_width=&#8221;0px&#8221; button_letter_spacing=&#8221;3px&#8221; button_font=&#8221;Ubuntu Mono|700||on|||||&#8221; button_use_icon=&#8221;off&#8221; custom_margin=&#8221;0px||20px||false|false&#8221; custom_padding=&#8221;|10px||10px|false|true&#8221; custom_css_main_element=&#8221;width: 100%;&#8221; button_bg_color__hover_enabled=&#8221;on|desktop&#8221; button_bg_color__hover=&#8221;#91c468&#8243; button_bg_enable_color__hover=&#8221;on&#8221; button_bg_color__sticky_enabled=&#8221;off|sticky&#8221; button_bg_color__sticky=&#8221;#91c468&#8243; button_bg_enable_color__sticky=&#8221;on&#8221;][\/et_pb_button][et_pb_button button_url=&#8221;#entidades-que-organizan&#8221; button_text=&#8221;Entidades organizadoras&#8221; button_alignment=&#8221;left&#8221; admin_label=&#8221;Entidades que organizan&#8221; _builder_version=&#8221;4.6.6&#8243; _module_preset=&#8221;default&#8221; custom_button=&#8221;on&#8221; button_text_size=&#8221;16px&#8221; button_text_color=&#8221;#2a2a29&#8243; button_bg_color=&#8221;rgba(0,0,0,0)&#8221; button_border_width=&#8221;0px&#8221; button_letter_spacing=&#8221;3px&#8221; button_font=&#8221;Ubuntu Mono|700||on|||||&#8221; button_use_icon=&#8221;off&#8221; custom_margin=&#8221;0px||20px||false|false&#8221; custom_padding=&#8221;|10px||10px|false|true&#8221; custom_css_main_element=&#8221;width: 100%;&#8221; button_bg_color__hover_enabled=&#8221;on|desktop&#8221; button_bg_color__hover=&#8221;#09a0d2&#8243; button_bg_enable_color__hover=&#8221;on&#8221; button_bg_color__sticky_enabled=&#8221;off|sticky&#8221; button_bg_color__sticky=&#8221;#09a0d2&#8243; button_bg_enable_color__sticky=&#8221;on&#8221;][\/et_pb_button][\/et_pb_column][et_pb_column type=&#8221;2_3&#8243; _builder_version=&#8221;4.4.1&#8243;][et_pb_blurb title=&#8221;O que \u00e9 a ADAPTES?&#8221; content_max_width=&#8221;100%&#8221; admin_label=&#8221;\u00bfQu\u00e9 es Adaptes?&#8221; module_id=&#8221;que-es-adaptes&#8221; _builder_version=&#8221;4.6.6&#8243; _module_preset=&#8221;default&#8221; header_level=&#8221;h2&#8243; header_font=&#8221;|700|||||||&#8221; header_font_size=&#8221;35px&#8221; body_text_color=&#8221;#2a2a29&#8243; body_link_font=&#8221;|700|||on|||#2a2a29|&#8221; body_link_text_color=&#8221;#de6f5b&#8221; module_alignment=&#8221;left&#8221; custom_padding=&#8221;||50px||false|false&#8221; header_font_size_tablet=&#8221;&#8221; header_font_size_phone=&#8221;30px&#8221; header_font_size_last_edited=&#8221;on|phone&#8221; body_font_size_tablet=&#8221;&#8221; body_font_size_phone=&#8221;16px&#8221; body_font_size_last_edited=&#8221;on|phone&#8221; custom_css_blurb_title=&#8221;margin-bottom: 30px; &#8221; border_width_bottom=&#8221;1px&#8221; border_color_bottom=&#8221;#ffd656&#8243;]<\/p>\n<p>Com a <strong>Adaptes<\/strong> queremos\u00a0impulsionar\u00a0e contribuir para que a adapta\u00e7\u00e3o \u00e0s altera\u00e7\u00f5es clim\u00e1ticas seja uma oportunidade e uma realidade, tanto no presente como no futuro. Enfrentamos\u00a0o desafio com esta\u00a0proposta: um\u00a0evento de coopera\u00e7\u00e3o\u00a0online, interativo, participativo e inovador. A Confer\u00eancia ser\u00e1 um lugar de encontro para dialogar, partilhar ideias, aprender, trocar\u00a0experi\u00eancias e boas pr\u00e1ticas entre todas as pessoas, entidades e institui\u00e7\u00f5es\u00a0interessadas. Hoje, mais do que nunca, precisamos de criar estrat\u00e9gias\u00a0comuns e\u00a0refor\u00e7ar a coopera\u00e7\u00e3o.<\/p>\n<p>A crise clim\u00e1tica e a atual situa\u00e7\u00e3o\u00a0sanit\u00e1ria global impelem-nos a agir com\u00a0urg\u00eancia\u00a0e a\u00a0trabalhar\u00a0em conjunto\u00a0para podermos avan\u00e7ar para uma resili\u00eancia\u00a0ib\u00e9rica. Desafiam-nos, igualmente, a\u00a0enfrentar os efeitos das altera\u00e7\u00f5es clim\u00e1ticas atrav\u00e9s de estrat\u00e9gias\u00a0partilhadas de adapta\u00e7\u00e3o, que constituem\u00a0uma necessidade e uma oportunidade.<\/p>\n<p>A<strong> A<\/strong><strong>daptes<\/strong>\u00a0significa,\u00a0por outro lado, encerrar com chave de ouro\u00a0um trabalho\u00a0desenvolvido\u00a0durante quatro anos\u00a0no quadro do projeto europeu <a href=\"https:\/\/www.lifeshara.com\/\" target=\"_blank\" rel=\"noopener noreferrer\">LIFE SHARA<\/a>\u00a0\u201cSensibiliza\u00e7\u00e3o\u00a0e\u00a0conhecimento para a adapta\u00e7\u00e3o\u00a0\u00e0s altera\u00e7\u00f5es clim\u00e1ticas\u201d, cujo objetivo geral \u00e9 melhorar a governan\u00e7a da adapta\u00e7\u00e3o\u00a0\u00e0s altera\u00e7\u00f5es clim\u00e1ticas em Espanha e Portugal. O projeto \u00e9 coordenado pelo\u00a0Minist\u00e9rio para a\u00a0Transi\u00e7\u00e3o Ecol\u00f3gica e o Desafio Demogr\u00e1fico (MITECO), atrav\u00e9s da\u00a0Funda\u00e7\u00e3o\u00a0Biodiversidade, e tem\u00a0como parceiros\u00a0o Gabinete Espanhol de Altera\u00e7\u00f5es\u00a0Clim\u00e1ticas, o Organismo Aut\u00f3nomo Parques Nacionais, atrav\u00e9s do CENEAM, a Ag\u00eancia Estatal de Meteorologia\u00a0e a\u00a0Ag\u00eancia Portuguesa do Ambiente.<\/p>\n<p>[\/et_pb_blurb][et_pb_blurb title=&#8221;O que vai encontrar na Confer\u00eancia?&#8221; content_max_width=&#8221;100%&#8221; admin_label=&#8221;\u00bfQu\u00e9 encontrar\u00e1s en la Conferencia?&#8221; module_id=&#8221;que-encontraras&#8221; _builder_version=&#8221;4.6.6&#8243; _module_preset=&#8221;default&#8221; header_level=&#8221;h2&#8243; header_font=&#8221;|700|||||||&#8221; header_font_size=&#8221;35px&#8221; body_text_color=&#8221;#2a2a29&#8243; body_link_font=&#8221;|700|||on|||#de6f5b|&#8221; body_link_text_color=&#8221;#de6f5b&#8221; module_alignment=&#8221;left&#8221; custom_padding=&#8221;30px||30px||true|false&#8221; header_font_size_tablet=&#8221;&#8221; header_font_size_phone=&#8221;30px&#8221; header_font_size_last_edited=&#8221;on|phone&#8221; body_font_size_tablet=&#8221;&#8221; body_font_size_phone=&#8221;16px&#8221; body_font_size_last_edited=&#8221;on|phone&#8221; custom_css_blurb_title=&#8221;margin-bottom: 30px; &#8221; border_color_all=&#8221;#f1a336&#8243; border_width_bottom=&#8221;1px&#8221;]<\/p>\n<ul>\n<li>Um programa completo de 3 dias: 18 \u00b7 19 \u00b7 20 de novembro.<\/li>\n<li>Interpreta\u00e7\u00e3o\u00a0simult\u00e2nea\u00a0dispon\u00edvel\u00a0em\u00a03 idiomas: ES \u00b7 PT \u00b7 EN.<\/li>\n<li>Sess\u00f5es gerais abertas em <em>streaming<\/em> para as sess\u00f5es de\u00a0abertura\u00a0e\u00a0encerramento\u00a0da Confer\u00eancia.<\/li>\n<li>Dez sess\u00f5es tem\u00e1ticas atrav\u00e9s da\u00a0ferramenta Zoom para dialogar e\u00a0trabalhar\u00a0em conjunto.<\/li>\n<li>Um espa\u00e7o de <em>networking<\/em>\u00a0e\u00a0caf\u00e9 virtual para os participantes.<\/li>\n<li><a href=\"https:\/\/docs.google.com\/forms\/d\/e\/1FAIpQLSfR4dJ9vyg_yqszp0YBVNGSqUP2UQO237V-U3Lo5yIRPwTKCQ\/viewform\">Registo\u00a0gratuito.<\/a><\/li>\n<\/ul>\n<p>[\/et_pb_blurb][et_pb_blurb title=&#8221;Objetivos&#8221; content_max_width=&#8221;100%&#8221; module_id=&#8221;objetivos&#8221; _builder_version=&#8221;4.6.6&#8243; _module_preset=&#8221;default&#8221; header_level=&#8221;h2&#8243; header_font=&#8221;|700|||||||&#8221; header_font_size=&#8221;35px&#8221; body_text_color=&#8221;#2a2a29&#8243; module_alignment=&#8221;left&#8221; custom_padding=&#8221;30px||30px||true|false&#8221; header_font_size_tablet=&#8221;&#8221; header_font_size_phone=&#8221;30px&#8221; header_font_size_last_edited=&#8221;on|phone&#8221; body_font_size_tablet=&#8221;&#8221; body_font_size_phone=&#8221;16px&#8221; body_font_size_last_edited=&#8221;on|phone&#8221; custom_css_blurb_title=&#8221;margin-bottom: 30px; &#8221; border_color_all=&#8221;#de6f5b&#8221; border_width_bottom=&#8221;1px&#8221;]<\/p>\n<ul>\n<li style=\"list-style-type: none;\">\n<ul>\n<li>Partilhar<strong>\u00a0<\/strong><strong>conhecimentos<\/strong><strong>, experi<\/strong><strong>\u00ea<\/strong><strong>ncias <\/strong><strong>e boas pr\u00e1ticas<\/strong> entre Espanha e Portugal.<\/li>\n<li>Impulsionar a\u00a0<strong>transfer\u00eancia<\/strong><strong> de <\/strong><strong>conhecimento<\/strong> para o desenvolvimento de pol\u00edticas e pr\u00e1ticas adaptativas.<\/li>\n<li>Promover a <strong>sensibiliza\u00e7\u00e3o<\/strong> para a adapta\u00e7\u00e3o\u00a0\u00e0s altera\u00e7\u00f5es clim\u00e1ticas.<\/li>\n<li>Contribuir para o estabelecimento de\u00a0<strong>redes de <\/strong><strong>comunica\u00e7\u00e3o<\/strong><strong>\u00a0<\/strong><strong>e <\/strong><strong>de <\/strong><strong>trabalho<\/strong><strong>.<\/strong><\/li>\n<li>Promover\u00a0e refor\u00e7ar a <strong>governan\u00e7a<\/strong><strong>\u00a0<\/strong><strong>partilhada<\/strong> entre Espanha e Portugal.<\/li>\n<\/ul>\n<\/li>\n<\/ul>\n<p>[\/et_pb_blurb][et_pb_blurb title=&#8221;A quem se destina a Adaptes?&#8221; content_max_width=&#8221;100%&#8221; admin_label=&#8221;A qui\u00e9n va dirigido Adaptes&#8221; module_id=&#8221;a-quien-se-dirige&#8221; _builder_version=&#8221;4.6.6&#8243; _module_preset=&#8221;default&#8221; header_level=&#8221;h2&#8243; header_font=&#8221;|700|||||||&#8221; header_font_size=&#8221;35px&#8221; body_text_color=&#8221;#2a2a29&#8243; module_alignment=&#8221;left&#8221; custom_padding=&#8221;30px||30px||true|false&#8221; header_font_size_tablet=&#8221;&#8221; header_font_size_phone=&#8221;30px&#8221; header_font_size_last_edited=&#8221;on|phone&#8221; body_font_size_tablet=&#8221;&#8221; body_font_size_phone=&#8221;16px&#8221; body_font_size_last_edited=&#8221;on|phone&#8221; custom_css_blurb_title=&#8221;margin-bottom: 30px; &#8221; border_color_all=&#8221;#91c468&#8243; border_width_bottom=&#8221;1px&#8221;]<\/p>\n<ul>\n<li>T\u00e9cnicos\/as da\u00a0Administra\u00e7\u00e3o\u00a0P\u00fablica e\u00a0do setor privado.<\/li>\n<li>Pessoas\u00a0respons\u00e1veis pela tomada de decis\u00f5es relacionadas com as altera\u00e7\u00f5es clim\u00e1ticas.<\/li>\n<li>Investigadores\/as, acad\u00e9micos\/as e docentes.<\/li>\n<li>Representantes do setor privado e de ONGs.<\/li>\n<li>Jornalistas e divulgadores.\u00a0<\/li>\n<li>Estudantes.\u00a0<\/li>\n<li>Qualquer pessoa interessada no tema das altera\u00e7\u00f5es clim\u00e1ticas.<\/li>\n<\/ul>\n<p>[\/et_pb_blurb][et_pb_blurb title=&#8221;Entidades que organizan&#8221; content_max_width=&#8221;100%&#8221; admin_label=&#8221;Entidades que organizan&#8221; module_id=&#8221;entidades-que-organizan&#8221; _builder_version=&#8221;4.6.6&#8243; _module_preset=&#8221;default&#8221; header_level=&#8221;h2&#8243; header_font=&#8221;|700|||||||&#8221; header_font_size=&#8221;35px&#8221; body_text_color=&#8221;#2a2a29&#8243; body_link_font=&#8221;|700|||on|||#de6f5b|&#8221; body_link_text_color=&#8221;#2a2a29&#8243; module_alignment=&#8221;left&#8221; custom_padding=&#8221;30px||0px||false|false&#8221; header_font_size_tablet=&#8221;&#8221; header_font_size_phone=&#8221;30px&#8221; header_font_size_last_edited=&#8221;on|phone&#8221; body_font_size_tablet=&#8221;&#8221; body_font_size_phone=&#8221;16px&#8221; body_font_size_last_edited=&#8221;on|phone&#8221; custom_css_blurb_title=&#8221;margin-bottom: 30px; &#8221; border_color_all=&#8221;#de6f5b&#8221; border_color_bottom=&#8221;#ffd656&#8243;]<\/p>\n<p>A Confer\u00eancia \u00e9 organizada pelo <strong><a href=\"https:\/\/www.miteco.gob.es\/es\/\">Minist\u00e9rio para a\u00a0Transi\u00e7\u00e3o Ecol\u00f3gica e o Desafio Demogr\u00e1fico<\/a><\/strong>, atrav\u00e9s da\u00a0<strong><a href=\"https:\/\/www.fundacion-biodiversidad.es\/es\">Funda\u00e7\u00e3o\u00a0Biodiversidade<\/a><\/strong>\u00a0e o <strong><a href=\"https:\/\/www.miteco.gob.es\/es\/cambio-climatico\/temas\/organismos-e-instituciones-implicados-en-la-lucha-contra-el-cambio-climatico-a-nivel-nacional\/oficina-espanola-en-cambio-climatico\/\">Gabinete Espanhol de Altera\u00e7\u00f5es Clim\u00e1ticas<\/a><\/strong>,\u00a0juntamente com a <strong><a href=\"https:\/\/www.apambiente.pt\/\">Ag\u00eancia Portuguesa do Ambiente.<\/a><\/strong><\/p>\n<p>Colaboram\u00a0tamb\u00e9m na organiza\u00e7\u00e3o o Organismo Aut\u00f3nomo de Parques Nacionais, atrav\u00e9s do <strong><a href=\"https:\/\/www.miteco.gob.es\/es\/ceneam\/\">CENEAM<\/a><\/strong>, e a <strong><a href=\"http:\/\/www.aemet.es\/es\/portada\">Ag\u00eancia Estatal de Meteorologia<\/a><\/strong>.<\/p>\n<p>[\/et_pb_blurb][et_pb_image src=&#8221;https:\/\/conferencia.lifeshara.com\/wp-content\/uploads\/2020\/10\/Adaptes-Organizadores@4x.png&#8221; title_text=&#8221;Adaptes-Organizadores@4x&#8221; show_bottom_space=&#8221;off&#8221; _builder_version=&#8221;4.6.5&#8243; _module_preset=&#8221;default&#8221; custom_padding=&#8221;||||false|false&#8221; border_color_bottom=&#8221;#f1a336&#8243;][\/et_pb_image][et_pb_divider color=&#8221;#de6f5b&#8221; divider_position=&#8221;bottom&#8221; _builder_version=&#8221;4.6.6&#8243; _module_preset=&#8221;default&#8221; height=&#8221;69px&#8221;][\/et_pb_divider][\/et_pb_column][\/et_pb_row][\/et_pb_section][et_pb_section fb_built=&#8221;1&#8243; admin_label=&#8221;#Adaptes&#8221; _builder_version=&#8221;4.6.5&#8243; _module_preset=&#8221;default&#8221; background_color=&#8221;#fdfcec&#8221; custom_padding=&#8221;80px||0px|||&#8221; global_module=&#8221;4007&#8243; saved_tabs=&#8221;all&#8221; locked=&#8221;off&#8221; collapsed=&#8221;off&#8221;][et_pb_row column_structure=&#8221;2_3,1_3&#8243; disabled_on=&#8221;on|on|on&#8221; admin_label=&#8221;Fila&#8221; _builder_version=&#8221;4.6.6&#8243; _module_preset=&#8221;default&#8221; custom_padding=&#8221;||0px|||&#8221; disabled=&#8221;on&#8221;][et_pb_column type=&#8221;2_3&#8243; _builder_version=&#8221;4.6.5&#8243; _module_preset=&#8221;default&#8221;][\/et_pb_column][et_pb_column type=&#8221;1_3&#8243; _builder_version=&#8221;4.6.5&#8243; _module_preset=&#8221;default&#8221;][et_pb_button button_url=&#8221;\/pt-pt\/programa\/&#8221; url_new_window=&#8221;on&#8221; button_text=&#8221;assistir a confer\u00eancia online&#8221; button_alignment=&#8221;right&#8221; admin_label=&#8221;Bot\u00f3n \u00a1Inscribete YA!&#8221; _builder_version=&#8221;4.6.6&#8243; _module_preset=&#8221;default&#8221; custom_button=&#8221;on&#8221; button_text_color=&#8221;#fdfcec&#8221; button_bg_color=&#8221;#91c468&#8243; button_border_color=&#8221;rgba(0,0,0,0)&#8221; button_font=&#8221;|800|||||||&#8221; button_icon=&#8221;%%302%%&#8221; button_icon_placement=&#8221;left&#8221; button_on_hover=&#8221;off&#8221; positioning=&#8221;fixed&#8221; position_origin_f=&#8221;top_right&#8221; vertical_offset=&#8221;75px&#8221; horizontal_offset=&#8221;0px&#8221; vertical_offset_tablet=&#8221;90px&#8221; vertical_offset_phone=&#8221;72px&#8221; vertical_offset_last_edited=&#8221;on|phone&#8221; position_origin_a_tablet=&#8221;&#8221; position_origin_a_phone=&#8221;&#8221; position_origin_a_last_edited=&#8221;on|tablet&#8221; position_origin_f_tablet=&#8221;&#8221; position_origin_f_phone=&#8221;&#8221; position_origin_f_last_edited=&#8221;on|desktop&#8221; position_origin_r_tablet=&#8221;&#8221; position_origin_r_phone=&#8221;&#8221; position_origin_r_last_edited=&#8221;on|tablet&#8221; custom_padding=&#8221;20px|||40px|false|false&#8221; button_text_size_tablet=&#8221;18px&#8221; button_text_size_phone=&#8221;16px&#8221; button_text_size_last_edited=&#8221;on|phone&#8221; positioning_tablet=&#8221;&#8221; positioning_phone=&#8221;&#8221; positioning_last_edited=&#8221;on|phone&#8221; button_bg_color__hover_enabled=&#8221;on|hover&#8221; button_bg_color__hover=&#8221;#de6f5b&#8221; button_bg_enable_color__hover=&#8221;on&#8221;][\/et_pb_button][\/et_pb_column][\/et_pb_row][et_pb_row admin_label=&#8221;Fila&#8221; _builder_version=&#8221;4.6.5&#8243; _module_preset=&#8221;default&#8221; custom_padding=&#8221;||0px|||&#8221;][et_pb_column type=&#8221;4_4&#8243; _builder_version=&#8221;4.6.5&#8243; _module_preset=&#8221;default&#8221;][et_pb_text admin_label=&#8221;#Adaptes&#8221; _builder_version=&#8221;4.6.5&#8243; _module_preset=&#8221;default&#8221; header_2_font=&#8221;||||||||&#8221; header_2_font_size=&#8221;30px&#8221;]<\/p>\n<h2 style=\"text-align: center;\">#Adaptes<\/h2>\n<p>[\/et_pb_text][et_pb_text _builder_version=&#8221;4.6.6&#8243; _module_preset=&#8221;default&#8221; text_font=&#8221;|700|||||||&#8221; text_font_size=&#8221;18px&#8221; header_2_font=&#8221;||||||||&#8221; header_2_font_size=&#8221;30px&#8221; text_orientation=&#8221;center&#8221; custom_margin=&#8221;||-16px||false|false&#8221;]Ajuda-nos a partilhar esta informa\u00e7\u00e3o?[\/et_pb_text][\/et_pb_column][\/et_pb_row][\/et_pb_section]<\/p>\n","protected":false},"excerpt":{"rendered":"<p>A Adaptes \u00e9 a I Confer\u00eancia Ib\u00e9rica para a Adapta\u00e7\u00e3o \u00e0s Altera\u00e7\u00f5es Clim\u00e1ticas. Com a Adaptes queremos\u00a0impulsionar\u00a0e contribuir para que a adapta\u00e7\u00e3o \u00e0s altera\u00e7\u00f5es clim\u00e1ticas seja uma oportunidade e uma realidade, tanto no presente como no futuro. Enfrentamos\u00a0o desafio com esta\u00a0proposta: um\u00a0evento de coopera\u00e7\u00e3o\u00a0online, interativo, participativo e inovador. A Confer\u00eancia ser\u00e1 um lugar de encontro [&hellip;]<\/p>\n","protected":false},"author":4,"featured_media":2256,"parent":0,"menu_order":0,"comment_status":"closed","ping_status":"closed","template":"","meta":{"_et_pb_use_builder":"on","_et_pb_old_content":"","_et_gb_content_width":"","footnotes":""},"class_list":["post-1999","page","type-page","status-publish","has-post-thumbnail","hentry"],"_links":{"self":[{"href":"https:\/\/conferencia.lifeshara.com\/pt-pt\/wp-json\/wp\/v2\/pages\/1999","targetHints":{"allow":["GET"]}}],"collection":[{"href":"https:\/\/conferencia.lifeshara.com\/pt-pt\/wp-json\/wp\/v2\/pages"}],"about":[{"href":"https:\/\/conferencia.lifeshara.com\/pt-pt\/wp-json\/wp\/v2\/types\/page"}],"author":[{"embeddable":true,"href":"https:\/\/conferencia.lifeshara.com\/pt-pt\/wp-json\/wp\/v2\/users\/4"}],"replies":[{"embeddable":true,"href":"https:\/\/conferencia.lifeshara.com\/pt-pt\/wp-json\/wp\/v2\/comments?post=1999"}],"version-history":[{"count":0,"href":"https:\/\/conferencia.lifeshara.com\/pt-pt\/wp-json\/wp\/v2\/pages\/1999\/revisions"}],"wp:featuredmedia":[{"embeddable":true,"href":"https:\/\/conferencia.lifeshara.com\/pt-pt\/wp-json\/wp\/v2\/media\/2256"}],"wp:attachment":[{"href":"https:\/\/conferencia.lifeshara.com\/pt-pt\/wp-json\/wp\/v2\/media?parent=1999"}],"curies":[{"name":"wp","href":"https:\/\/api.w.org\/{rel}","templated":true}]}}