{"id":5177,"date":"2021-03-03T10:20:31","date_gmt":"2021-03-03T09:20:31","guid":{"rendered":"https:\/\/conferencia.lifeshara.com\/?page_id=5177"},"modified":"2021-03-16T11:31:08","modified_gmt":"2021-03-16T10:31:08","slug":"materials","status":"publish","type":"page","link":"https:\/\/conferencia.lifeshara.com\/en\/materials\/","title":{"rendered":"Materials"},"content":{"rendered":"<p>[et_pb_section fb_built=&#8221;1&#8243; admin_label=&#8221;Cabecera p\u00e1gina&#8221; _builder_version=&#8221;4.6.6&#8243; _module_preset=&#8221;default&#8221; background_color=&#8221;#fdfcec&#8221; custom_margin=&#8221;0px||||false|false&#8221; custom_margin_tablet=&#8221;0px||||false|false&#8221; custom_margin_phone=&#8221;&#8221; custom_margin_last_edited=&#8221;on|phone&#8221; custom_padding=&#8221;0px|||||&#8221;][et_pb_row column_structure=&#8221;3_5,2_5&#8243; _builder_version=&#8221;4.6.6&#8243; _module_preset=&#8221;default&#8221; background_color=&#8221;#fdfcec&#8221; width=&#8221;100%&#8221; max_width=&#8221;100%&#8221; custom_margin_last_edited=&#8221;off|desktop&#8221; custom_padding=&#8221;0px|||||&#8221; custom_margin__hover_enabled=&#8221;off|desktop&#8221;][et_pb_column type=&#8221;3_5&#8243; _builder_version=&#8221;4.6.6&#8243; _module_preset=&#8221;default&#8221; background_color=&#8221;#ffFFFF&#8221;][et_pb_cta title=&#8221;MATERIALS&#8221; button_url=&#8221;#sesion&#8221; admin_label=&#8221;T\u00edtulo+subt\u00edtulo+bot\u00f3n&#8221; _builder_version=&#8221;4.8.2&#8243; _module_preset=&#8221;default&#8221; header_font=&#8221;|700|||||||&#8221; header_text_align=&#8221;left&#8221; header_text_color=&#8221;#2a2a29&#8243; header_letter_spacing=&#8221;2px&#8221; body_font=&#8221;Ubuntu Mono||||||||&#8221; body_text_align=&#8221;left&#8221; body_text_color=&#8221;#de6f5b&#8221; body_font_size=&#8221;25px&#8221; body_line_height=&#8221;1.3em&#8221; background_color=&#8221;rgba(0,0,0,0)&#8221; custom_button=&#8221;on&#8221; button_font=&#8221;|700|||||||&#8221; button_icon=&#8221;%%1%%&#8221; button_on_hover=&#8221;off&#8221; text_orientation=&#8221;left&#8221; background_layout=&#8221;light&#8221; width=&#8221;80%&#8221; width_tablet=&#8221;75%&#8221; width_phone=&#8221;100%&#8221; width_last_edited=&#8221;on|phone&#8221; module_alignment=&#8221;right&#8221; custom_margin=&#8221;70px|0px|10px||false|false&#8221; custom_margin_tablet=&#8221;80px||10px||false|false&#8221; custom_margin_phone=&#8221;80px||0px||false|false&#8221; custom_margin_last_edited=&#8221;on|phone&#8221; custom_padding=&#8221;|0px|0px||false|false&#8221; header_font_size_tablet=&#8221;&#8221; header_font_size_phone=&#8221;&#8221; header_font_size_last_edited=&#8221;on|phone&#8221; body_font_size_tablet=&#8221;24px&#8221; body_font_size_phone=&#8221;22px&#8221; body_font_size_last_edited=&#8221;on|phone&#8221; module_alignment_tablet=&#8221;center&#8221; module_alignment_phone=&#8221;&#8221; module_alignment_last_edited=&#8221;on|tablet&#8221; custom_css_promo_button=&#8221;margin-top: 20px; &#8221; custom_css_promo_title=&#8221;padding-bottom:20px; &#8221; button_bg_color__hover_enabled=&#8221;on|hover&#8221; button_bg_color__hover=&#8221;#fdfcec&#8221; button_bg_enable_color__hover=&#8221;on&#8221;][\/et_pb_cta][et_pb_cta button_url=&#8221;#materials&#8221; button_text=&#8221;SEE MATERIALS&#8221; admin_label=&#8221;T\u00edtulo+subt\u00edtulo+bot\u00f3n&#8221; _builder_version=&#8221;4.8.2&#8243; _module_preset=&#8221;default&#8221; header_level=&#8221;h1&#8243; header_font=&#8221;|700|||||||&#8221; header_text_align=&#8221;left&#8221; header_text_color=&#8221;#2a2a29&#8243; header_font_size=&#8221;45px&#8221; header_letter_spacing=&#8221;2px&#8221; body_font=&#8221;Ubuntu Mono|700|||||||&#8221; body_text_align=&#8221;left&#8221; body_text_color=&#8221;#2a2a29&#8243; body_font_size=&#8221;35px&#8221; body_line_height=&#8221;1.1em&#8221; background_color=&#8221;rgba(0,0,0,0)&#8221; custom_button=&#8221;on&#8221; button_font=&#8221;|700|||||||&#8221; button_icon=&#8221;%%1%%&#8221; button_on_hover=&#8221;off&#8221; text_orientation=&#8221;left&#8221; background_layout=&#8221;light&#8221; width=&#8221;80%&#8221; width_tablet=&#8221;75%&#8221; width_phone=&#8221;100%&#8221; width_last_edited=&#8221;on|phone&#8221; module_alignment=&#8221;right&#8221; custom_margin=&#8221;2px|0px|50px||false|false&#8221; custom_margin_tablet=&#8221;||80px||false|false&#8221; custom_margin_phone=&#8221;20px||50px||false|false&#8221; custom_margin_last_edited=&#8221;on|tablet&#8221; custom_padding=&#8221;0px|||||&#8221; header_font_size_tablet=&#8221;40px&#8221; header_font_size_phone=&#8221;30px&#8221; header_font_size_last_edited=&#8221;on|phone&#8221; body_font_size_tablet=&#8221;35px&#8221; body_font_size_phone=&#8221;30px&#8221; body_font_size_last_edited=&#8221;on|phone&#8221; module_alignment_tablet=&#8221;center&#8221; module_alignment_phone=&#8221;&#8221; module_alignment_last_edited=&#8221;on|tablet&#8221; custom_css_promo_button=&#8221;margin-top: 20px; &#8221; custom_css_promo_title=&#8221;padding-bottom:20px; &#8221; button_bg_color__hover_enabled=&#8221;on|hover&#8221; button_bg_color__hover=&#8221;#fdfcec&#8221; button_bg_enable_color__hover=&#8221;on&#8221;][\/et_pb_cta][\/et_pb_column][et_pb_column type=&#8221;2_5&#8243; _builder_version=&#8221;4.6.6&#8243; _module_preset=&#8221;default&#8221; background_enable_color=&#8221;off&#8221;][et_pb_divider show_divider=&#8221;off&#8221; _builder_version=&#8221;4.6.6&#8243; _module_preset=&#8221;default&#8221;][\/et_pb_divider][et_pb_image src=&#8221;https:\/\/conferencia.lifeshara.com\/wp-content\/uploads\/2020\/10\/Adaptes-Fin-opt.gif&#8221; title_text=&#8221;Adaptes-Fin-opt&#8221; align=&#8221;center&#8221; _builder_version=&#8221;4.6.6&#8243; width=&#8221;90%&#8221; width_tablet=&#8221;70%&#8221; width_phone=&#8221;&#8221; width_last_edited=&#8221;on|tablet&#8221; module_alignment=&#8221;center&#8221; max_height_tablet=&#8221;400px&#8221; max_height_phone=&#8221;&#8221; max_height_last_edited=&#8221;on|tablet&#8221; custom_margin=&#8221;|||-100px|false|false&#8221; custom_margin_tablet=&#8221;|||0px|false|false&#8221; custom_margin_phone=&#8221;&#8221; custom_margin_last_edited=&#8221;on|tablet&#8221; custom_padding=&#8221;40px||40px||true|false&#8221; custom_padding_tablet=&#8221;0px||0px||false|false&#8221; custom_padding_phone=&#8221;0px||0px||true|false&#8221; custom_padding_last_edited=&#8221;on|phone&#8221; scroll_vertical_motion_enable=&#8221;on&#8221; scroll_vertical_motion=&#8221;0|82|82|100|1|0|-1&#8243; locked=&#8221;off&#8221;][\/et_pb_image][\/et_pb_column][\/et_pb_row][\/et_pb_section][et_pb_section fb_built=&#8221;1&#8243; custom_padding_last_edited=&#8221;on|tablet&#8221; disabled_on=&#8221;off|off|off&#8221; admin_label=&#8221;DIA 20&#8243; module_id=&#8221;materials&#8221; _builder_version=&#8221;4.8.2&#8243; background_color=&#8221;#fdfcec&#8221; background_color_gradient_direction=&#8221;90deg&#8221; background_enable_image=&#8221;off&#8221; background_size=&#8221;initial&#8221; background_position=&#8221;top_right&#8221; max_width_tablet=&#8221;&#8221; max_width_phone=&#8221;100%&#8221; max_width_last_edited=&#8221;on|phone&#8221; custom_margin=&#8221;|||&#8221; custom_padding=&#8221;0px|||||&#8221; custom_padding_tablet=&#8221;|0vw||&#8221; custom_padding_phone=&#8221;&#8221; locked=&#8221;off&#8221; collapsed=&#8221;off&#8221;][et_pb_row column_structure=&#8221;1_2,1_2&#8243; use_custom_gutter=&#8221;on&#8221; gutter_width=&#8221;2&#8243; make_equal=&#8221;on&#8221; disabled_on=&#8221;off|off|off&#8221; _builder_version=&#8221;4.8.2&#8243; custom_padding=&#8221;10px||10px||false|false&#8221; animation_direction=&#8221;top&#8221; border_color_all=&#8221;rgba(51,51,51,0.05)&#8221; border_width_top=&#8221;1px&#8221; border_color_top=&#8221;#de6f5b&#8221; border_width_bottom=&#8221;1px&#8221; border_color_bottom=&#8221;#de6f5b&#8221;][et_pb_column type=&#8221;1_2&#8243; _builder_version=&#8221;4.6.5&#8243; background_color=&#8221;rgba(0,0,0,0)&#8221; custom_padding=&#8221;2%|2%|2%|2%|true|true&#8221; custom_padding__hover=&#8221;|||&#8221;][et_pb_text _builder_version=&#8221;4.8.2&#8243; _module_preset=&#8221;default&#8221;]<\/p>\n<p><strong>Final report<\/strong><\/p>\n<p>[\/et_pb_text][et_pb_button button_url=&#8221;https:\/\/conferencia.lifeshara.com\/wp-content\/uploads\/2021\/03\/ADAPTES-Final-Report-EN-1.pdf&#8221; url_new_window=&#8221;on&#8221; button_text=&#8221;DOWNLOAD&#8221; _builder_version=&#8221;4.9.1&#8243; _module_preset=&#8221;default&#8221; custom_button=&#8221;on&#8221; button_icon=&#8221;%%266%%&#8221; button_on_hover=&#8221;off&#8221; custom_margin=&#8221;30px||30px||true|false&#8221; custom_padding=&#8221;||||false|false&#8221;][\/et_pb_button][et_pb_image src=&#8221;https:\/\/conferencia.lifeshara.com\/wp-content\/uploads\/2021\/03\/Informe-fina_ENG-1.png&#8221; alt=&#8221;Informe final_ENG&#8221; title_text=&#8221;Informe final_ENG&#8221; _builder_version=&#8221;4.8.2&#8243; _module_preset=&#8221;default&#8221; border_width_all=&#8221;1px&#8221; border_color_all=&#8221;#2A2A29&#8243;][\/et_pb_image][\/et_pb_column][et_pb_column type=&#8221;1_2&#8243; _builder_version=&#8221;4.6.5&#8243; background_color=&#8221;rgba(0,0,0,0)&#8221; custom_padding=&#8221;2%|2%|2%|2%|true|true&#8221; custom_padding__hover=&#8221;|||&#8221;][et_pb_text _builder_version=&#8221;4.9.1&#8243; _module_preset=&#8221;default&#8221;]<\/p>\n<p><strong>Conclusions<\/strong><\/p>\n<p>[\/et_pb_text][et_pb_button button_url=&#8221;https:\/\/conferencia.lifeshara.com\/wp-content\/uploads\/2021\/03\/Adaptes_Conclusiones-EN.pdf&#8221; url_new_window=&#8221;on&#8221; button_text=&#8221;DOWNLOAD&#8221; _builder_version=&#8221;4.9.1&#8243; _module_preset=&#8221;default&#8221; custom_button=&#8221;on&#8221; button_icon=&#8221;%%266%%&#8221; button_on_hover=&#8221;off&#8221; custom_margin=&#8221;30px||30px||true|false&#8221; custom_padding=&#8221;||||false|false&#8221;][\/et_pb_button][et_pb_gallery gallery_ids=&#8221;5367,5370,5373,5376,5379,5382,5385,5388,5391,5394&#8243; fullwidth=&#8221;on&#8221; _builder_version=&#8221;4.9.1&#8243; _module_preset=&#8221;default&#8221;][\/et_pb_gallery][\/et_pb_column][\/et_pb_row][et_pb_row use_custom_gutter=&#8221;on&#8221; gutter_width=&#8221;2&#8243; make_equal=&#8221;on&#8221; _builder_version=&#8221;4.6.6&#8243; custom_padding=&#8221;10px||10px||false|false&#8221; animation_direction=&#8221;top&#8221; border_color_all=&#8221;rgba(51,51,51,0.05)&#8221; border_width_top=&#8221;1px&#8221; border_color_top=&#8221;#de6f5b&#8221; border_width_bottom=&#8221;1px&#8221; border_color_bottom=&#8221;#de6f5b&#8221;][et_pb_column type=&#8221;4_4&#8243; _builder_version=&#8221;4.6.5&#8243; background_color=&#8221;rgba(0,0,0,0)&#8221; custom_padding=&#8221;2%|2%|2%|2%|true|true&#8221; custom_padding__hover=&#8221;|||&#8221;][et_pb_text _builder_version=&#8221;4.8.2&#8243; text_font=&#8221;||||||||&#8221; text_text_color=&#8221;#2a2a29&#8243; text_font_size=&#8221;18px&#8221; header_font=&#8221;Ubuntu Mono|700|||||||&#8221; header_text_color=&#8221;#de6f5b&#8221; header_2_font=&#8221;Ubuntu Mono|700|||||||&#8221; header_2_text_color=&#8221;#fdfcec&#8221; header_2_font_size=&#8221;38px&#8221; header_3_font=&#8221;Ubuntu Mono|700|||||||&#8221; header_3_text_color=&#8221;#2a2a29&#8243; header_3_font_size=&#8221;32px&#8221; header_4_font=&#8221;Ubuntu Mono|700|||||||&#8221; header_4_text_color=&#8221;#2a2a29&#8243; header_5_font=&#8221;Ubuntu Mono|700|||||||&#8221; header_5_text_color=&#8221;#2a2a29&#8243; header_6_font=&#8221;Ubuntu Mono|700|||||||&#8221; custom_padding=&#8221;||25px||false|false&#8221; text_font_size_tablet=&#8221;17px&#8221; text_font_size_phone=&#8221;16px&#8221; text_font_size_last_edited=&#8221;on|phone&#8221; header_2_font_size_tablet=&#8221;38px&#8221; header_2_font_size_phone=&#8221;35px&#8221; header_2_font_size_last_edited=&#8221;on|phone&#8221; header_3_font_size_tablet=&#8221;&#8221; header_3_font_size_phone=&#8221;29px&#8221; header_3_font_size_last_edited=&#8221;on|phone&#8221; border_color_bottom=&#8221;#de6f5b&#8221;]<\/p>\n<h4><span>Graphic representation of the conclusions<\/span><\/h4>\n<p>[\/et_pb_text][et_pb_gallery gallery_ids=&#8221;4483,4480,4477,4474,4471,4468,4465,4462,4459,4456&#8243; posts_number=&#8221;20&#8243; disabled_on=&#8221;on|on|on&#8221; _builder_version=&#8221;4.9.1&#8243; _module_preset=&#8221;default&#8221; disabled=&#8221;on&#8221;][\/et_pb_gallery][et_pb_slider arrows_custom_color=&#8221;#DE6F5B&#8221; dot_nav_custom_color=&#8221;#DE6F5B&#8221; _builder_version=&#8221;4.9.1&#8243; _module_preset=&#8221;default&#8221; header_level=&#8221;h5&#8243; header_font=&#8221;|600|||||||&#8221; header_font_size=&#8221;20px&#8221; body_font_size=&#8221;16px&#8221; body_line_height=&#8221;1.6em&#8221; custom_padding=&#8221;0px||0px||true|false&#8221; hover_enabled=&#8221;0&#8243; sticky_enabled=&#8221;0&#8243;][et_pb_slide heading=&#8221;THEMATIC SESSION 01&#8243; image=&#8221;https:\/\/conferencia.lifeshara.com\/wp-content\/uploads\/2020\/11\/01_CIUDADES-scaled.jpg&#8221; _builder_version=&#8221;4.9.1&#8243; _module_preset=&#8221;default&#8221; header_level=&#8221;h5&#8243; header_text_color=&#8221;#2A2A29&#8243; background_color=&#8221;#FDFCEC&#8221; background_enable_color=&#8221;on&#8221; background_layout=&#8221;light&#8221; hover_enabled=&#8221;0&#8243; sticky_transition=&#8221;on&#8221; sticky_enabled=&#8221;0&#8243;]<\/p>\n<ul>\n<li>Are cities adapting to climate change? \/ European Funding \/ New ways of living the city \/ Projects integrated in the territory and time<\/li>\n<li>Green infrastructure \/ Alliances for technological development \/ City networks \/ Political and funding exchange<\/li>\n<li>Collaborative learning \/ Common challenges<\/li>\n<\/ul>\n<p>[\/et_pb_slide][et_pb_slide heading=&#8221;THEMATIC SESSION 02&#8243; image=&#8221;https:\/\/conferencia.lifeshara.com\/wp-content\/uploads\/2020\/11\/02_RURAL-scaled.jpg&#8221; _builder_version=&#8221;4.9.1&#8243; _module_preset=&#8221;default&#8221; header_level=&#8221;h5&#8243; header_text_color=&#8221;#2A2A29&#8243; background_color=&#8221;#FDFCEC&#8221; background_enable_color=&#8221;on&#8221; background_layout=&#8221;light&#8221; hover_enabled=&#8221;0&#8243; sticky_transition=&#8221;on&#8221; sticky_enabled=&#8221;0&#8243;]<\/p>\n<ul>\n<li>Challenges and solutions in the agrarian sector for adapting to climate change \/ Tools for action \/ Bottom-to-top approach. A local approach \/ Common positions with the EU Water resources<\/li>\n<li>Eco schemes, for example, adaptation laboratory \/ Consistency in planning \/ Desertification \/ Bi-directional co-creation and transfer<\/li>\n<li>Communicating uncertainty<\/li>\n<\/ul>\n<p>[\/et_pb_slide][et_pb_slide heading=&#8221;THEMATIC SESSION 03&#8243; image=&#8221;https:\/\/conferencia.lifeshara.com\/wp-content\/uploads\/2020\/11\/03_AGUA-scaled.jpg&#8221; _builder_version=&#8221;4.9.1&#8243; _module_preset=&#8221;default&#8221; header_level=&#8221;h5&#8243; header_text_color=&#8221;#2A2A29&#8243; background_color=&#8221;#FDFCEC&#8221; background_enable_color=&#8221;on&#8221; background_layout=&#8221;light&#8221; hover_enabled=&#8221;0&#8243; sticky_transition=&#8221;on&#8221; sticky_enabled=&#8221;0&#8243;]<\/p>\n<ul>\n<li>Climate change and water: challenges and solutions for adaptation \/ Common territory, common response \/ Citizenship awareness \/ Opportunities<\/li>\n<li>Improvement of technical and scientific knowledge \/ Water efficiency \/ Regulatory framework \/ Intercooperation \/ Improve and share information<\/li>\n<li>Water availability limit \/ Challenges \/ Water as a territory, not just as a resource \/ Coordinated actions<\/li>\n<\/ul>\n<p>[\/et_pb_slide][et_pb_slide heading=&#8221;THEMATIC SESSION 04&#8243; image=&#8221;https:\/\/conferencia.lifeshara.com\/wp-content\/uploads\/2020\/11\/04_COSTAS-scaled.jpg&#8221; _builder_version=&#8221;4.9.1&#8243; _module_preset=&#8221;default&#8221; header_level=&#8221;h5&#8243; header_text_color=&#8221;#2A2A29&#8243; background_color=&#8221;#FDFCEC&#8221; background_enable_color=&#8221;on&#8221; background_layout=&#8221;light&#8221; hover_enabled=&#8221;0&#8243; sticky_transition=&#8221;on&#8221; sticky_enabled=&#8221;0&#8243;]<\/p>\n<ul>\n<li>Climate change and coastal space management \/ Multilevel governance (national to local) \/ Iberian alignment to assess sedentary dynamics<\/li>\n<li>Increase and exchange of knowledge \/ Coastal dynamics have no borders \/ The great challenge of the coastal regression<\/li>\n<li>The feeding of artificial sediments must be combined with other measures<\/li>\n<\/ul>\n<p>[\/et_pb_slide][et_pb_slide heading=&#8221;THEMATIC SESSION 05&#8243; image=&#8221;https:\/\/conferencia.lifeshara.com\/wp-content\/uploads\/2020\/11\/05_SALUD-scaled.jpg&#8221; _builder_version=&#8221;4.9.1&#8243; _module_preset=&#8221;default&#8221; header_level=&#8221;h5&#8243; header_text_color=&#8221;#2A2A29&#8243; background_color=&#8221;#FDFCEC&#8221; background_enable_color=&#8221;on&#8221; background_layout=&#8221;light&#8221; hover_enabled=&#8221;0&#8243; sticky_transition=&#8221;on&#8221; sticky_enabled=&#8221;0&#8243;]<\/p>\n<ul>\n<li>Health and adaptation to climate change \/ Win win strategies \/ One health \/ Planetary health \/ Ecohealth \/ The covid-19 emergency leaves a lot of learning regarding surveillance and resilience<\/li>\n<li>Work on axes of inequality, income, gender, territory Joint monitoring \/ Risk of contamination by unusual toxins \/ Challenges and opportunities \/ Rehabilitation of residences and green spaces<\/li>\n<li>Enhancing cross-border communication \/ Collaboration between health and environment \/ Intercooperation \/ Interdisciplinary work<\/li>\n<\/ul>\n<p>[\/et_pb_slide][et_pb_slide heading=&#8221;THEMATIC SESSION 06&#8243; image=&#8221;https:\/\/conferencia.lifeshara.com\/wp-content\/uploads\/2020\/11\/06_ISLAS-scaled.jpg&#8221; _builder_version=&#8221;4.9.1&#8243; _module_preset=&#8221;default&#8221; header_level=&#8221;h5&#8243; header_text_color=&#8221;#2A2A29&#8243; background_color=&#8221;#FDFCEC&#8221; background_enable_color=&#8221;on&#8221; background_layout=&#8221;light&#8221; hover_enabled=&#8221;0&#8243; sticky_transition=&#8221;on&#8221; sticky_enabled=&#8221;0&#8243;]<\/p>\n<ul>\n<li>Adaptation to climate change in Mediterranean and Macaronesian islands \/ Deepen the knowledge of factors that influence adaptation \/ Macaronesias have common risks that can be addressed together<\/li>\n<li>Develop projects jointly to obtain financing \/ Transfer experiences to other territories \/ Normative development makes adaptation on the agenda \/ Transversalizing adaptation in sectoral policies<\/li>\n<li>Concrete goals \/ Avoid short-term maladaptation<\/li>\n<\/ul>\n<p>[\/et_pb_slide][et_pb_slide heading=&#8221;THEMATIC SESSION 07&#8243; image=&#8221;https:\/\/conferencia.lifeshara.com\/wp-content\/uploads\/2020\/11\/07_EDUCACIO\u0301N-scaled.jpg&#8221; _builder_version=&#8221;4.9.1&#8243; _module_preset=&#8221;default&#8221; header_level=&#8221;h5&#8243; header_text_color=&#8221;#2A2A29&#8243; background_color=&#8221;#FDFCEC&#8221; background_enable_color=&#8221;on&#8221; background_layout=&#8221;light&#8221; hover_enabled=&#8221;0&#8243; sticky_transition=&#8221;on&#8221; sticky_enabled=&#8221;0&#8243;]<\/p>\n<ul>\n<li>Information, education and training for adaptation to climate change \/ Test practices including gender perspective and emotional management<\/li>\n<li>Intercooperation \/ Find synergies between: Spanish and Portuguese planning<\/li>\n<li>Training and specific literature for environmental education \/ Challenges \/ Promote environmental literacy involving citizenship<\/li>\n<\/ul>\n<p>[\/et_pb_slide][et_pb_slide heading=&#8221;THEMATIC SESSION 08&#8243; image=&#8221;https:\/\/conferencia.lifeshara.com\/wp-content\/uploads\/2020\/11\/08_RIESGO_DE_DESASTRES&#8211;scaled.jpg&#8221; _builder_version=&#8221;4.9.1&#8243; _module_preset=&#8221;default&#8221; header_level=&#8221;h5&#8243; header_text_color=&#8221;#2A2A29&#8243; background_color=&#8221;#FDFCEC&#8221; background_enable_color=&#8221;on&#8221; background_layout=&#8221;light&#8221; hover_enabled=&#8221;0&#8243; sticky_transition=&#8221;on&#8221; sticky_enabled=&#8221;0&#8243;]<\/p>\n<ul>\n<li>Disaster risk reduction and adaptation to climate change \/ Learning to live with uncertainty Adaptive landscape management to prevent fires<\/li>\n<li>Prevent \u201cbad adaptation\u201d with short-term measures \/ Include the effects of climate change in flood risk planning \/ Adaptation to individual and structural heat waves<\/li>\n<li>Much risk of frequent and prolonged droughts<\/li>\n<\/ul>\n<p>[\/et_pb_slide][et_pb_slide heading=&#8221;THEMATIC SESSION 09&#8243; image=&#8221;https:\/\/conferencia.lifeshara.com\/wp-content\/uploads\/2020\/11\/09_TURISMO-2-scaled.jpg&#8221; _builder_version=&#8221;4.9.1&#8243; _module_preset=&#8221;default&#8221; header_level=&#8221;h5&#8243; header_text_color=&#8221;#2A2A29&#8243; background_color=&#8221;#FDFCEC&#8221; background_enable_color=&#8221;on&#8221; background_layout=&#8221;light&#8221; hover_enabled=&#8221;0&#8243; sticky_transition=&#8221;on&#8221; sticky_enabled=&#8221;0&#8243;]<\/p>\n<ul>\n<li>Convert climate and environmental challenges into opportunities \/ Post-Covid aid should boost ecological changes<\/li>\n<li>Economic Development Vector \/ Tourists themselves are agents of change, more demanding than regulation<\/li>\n<li>Take advantage of the synergies of adaptation and the promotion of tourism \/ Promote the circular economy<\/li>\n<\/ul>\n<p>[\/et_pb_slide][et_pb_slide heading=&#8221;THEMATIC SESSION 10&#8243; image=&#8221;https:\/\/conferencia.lifeshara.com\/wp-content\/uploads\/2020\/11\/10_BIODIVERSIDAD-3-scaled.jpg&#8221; _builder_version=&#8221;4.9.1&#8243; _module_preset=&#8221;default&#8221; header_level=&#8221;h5&#8243; header_text_color=&#8221;#2A2A29&#8243; background_color=&#8221;#FDFCEC&#8221; background_enable_color=&#8221;on&#8221; background_layout=&#8221;light&#8221; hover_enabled=&#8221;0&#8243; sticky_transition=&#8221;on&#8221; sticky_enabled=&#8221;0&#8243;]<\/p>\n<ul>\n<li>Protective biodiversity in the face of climate change \/ Sharing experiences \/ Nature-based solutions that contribute to development<\/li>\n<li>Social involvement is essential Incorporating scientific knowledge \/ Protected areas as key places<\/li>\n<li>Accelerate measurement startup<\/li>\n<\/ul>\n<p>[\/et_pb_slide][\/et_pb_slider][et_pb_video src=&#8221;https:\/\/conferencia.lifeshara.com\/wp-content\/uploads\/2020\/12\/clip-animacio\u0301n-ilustraciom.mp4&#8243; _builder_version=&#8221;4.6.6&#8243; _module_preset=&#8221;default&#8221; custom_margin=&#8221;50px||||false|false&#8221;][\/et_pb_video][\/et_pb_column][\/et_pb_row][\/et_pb_section][et_pb_section fb_built=&#8221;1&#8243; admin_label=&#8221;#Adaptes&#8221; _builder_version=&#8221;4.6.5&#8243; _module_preset=&#8221;default&#8221; background_color=&#8221;#fdfcec&#8221; custom_padding=&#8221;80px||0px|||&#8221; global_module=&#8221;5105&#8243; locked=&#8221;off&#8221; collapsed=&#8221;off&#8221;][et_pb_row admin_label=&#8221;Fila&#8221; _builder_version=&#8221;4.6.5&#8243; _module_preset=&#8221;default&#8221; custom_padding=&#8221;||0px|||&#8221;][et_pb_column type=&#8221;4_4&#8243; _builder_version=&#8221;4.6.5&#8243; _module_preset=&#8221;default&#8221;][et_pb_text admin_label=&#8221;#Adaptes&#8221; _builder_version=&#8221;4.6.5&#8243; _module_preset=&#8221;default&#8221; header_2_font=&#8221;||||||||&#8221; header_2_font_size=&#8221;30px&#8221;]<\/p>\n<h2 style=\"text-align: center;\">#Adaptes<\/h2>\n<p>[\/et_pb_text][et_pb_text _builder_version=&#8221;4.6.6&#8243; _module_preset=&#8221;default&#8221; text_font=&#8221;|700|||||||&#8221; text_font_size=&#8221;18px&#8221; header_2_font=&#8221;||||||||&#8221; header_2_font_size=&#8221;30px&#8221; text_orientation=&#8221;center&#8221; custom_margin=&#8221;||-16px||false|false&#8221;]Can you help us to share this information?[\/et_pb_text][\/et_pb_column][\/et_pb_row][\/et_pb_section]<\/p>\n","protected":false},"excerpt":{"rendered":"<p>Final reportConclusionsGraphic representation of the conclusions Are cities adapting to climate change? \/ European Funding \/ New ways of living the city \/ Projects integrated in the territory and time Green infrastructure \/ Alliances for technological development \/ City networks \/ Political and funding exchange Collaborative learning \/ Common challenges Challenges and solutions in the [&hellip;]<\/p>\n","protected":false},"author":4,"featured_media":2505,"parent":0,"menu_order":0,"comment_status":"closed","ping_status":"closed","template":"","meta":{"_et_pb_use_builder":"on","_et_pb_old_content":"","_et_gb_content_width":"","footnotes":""},"class_list":["post-5177","page","type-page","status-publish","has-post-thumbnail","hentry"],"_links":{"self":[{"href":"https:\/\/conferencia.lifeshara.com\/en\/wp-json\/wp\/v2\/pages\/5177","targetHints":{"allow":["GET"]}}],"collection":[{"href":"https:\/\/conferencia.lifeshara.com\/en\/wp-json\/wp\/v2\/pages"}],"about":[{"href":"https:\/\/conferencia.lifeshara.com\/en\/wp-json\/wp\/v2\/types\/page"}],"author":[{"embeddable":true,"href":"https:\/\/conferencia.lifeshara.com\/en\/wp-json\/wp\/v2\/users\/4"}],"replies":[{"embeddable":true,"href":"https:\/\/conferencia.lifeshara.com\/en\/wp-json\/wp\/v2\/comments?post=5177"}],"version-history":[{"count":0,"href":"https:\/\/conferencia.lifeshara.com\/en\/wp-json\/wp\/v2\/pages\/5177\/revisions"}],"wp:featuredmedia":[{"embeddable":true,"href":"https:\/\/conferencia.lifeshara.com\/en\/wp-json\/wp\/v2\/media\/2505"}],"wp:attachment":[{"href":"https:\/\/conferencia.lifeshara.com\/en\/wp-json\/wp\/v2\/media?parent=5177"}],"curies":[{"name":"wp","href":"https:\/\/api.w.org\/{rel}","templated":true}]}}