{"id":3388,"date":"2020-11-13T09:59:46","date_gmt":"2020-11-13T08:59:46","guid":{"rendered":"https:\/\/conferencia.lifeshara.com\/sesion-01\/"},"modified":"2021-03-11T09:59:38","modified_gmt":"2021-03-11T08:59:38","slug":"session-01","status":"publish","type":"page","link":"https:\/\/conferencia.lifeshara.com\/en\/programme\/sessions\/session-01\/","title":{"rendered":"Session 01"},"content":{"rendered":"<p>[et_pb_section fb_built=&#8221;1&#8243; admin_label=&#8221;Cabecera p\u00e1gina&#8221; _builder_version=&#8221;4.6.6&#8243; _module_preset=&#8221;default&#8221; background_color=&#8221;#ffd656&#8243; custom_margin=&#8221;0px||||false|false&#8221; custom_margin_tablet=&#8221;0px||||false|false&#8221; custom_margin_phone=&#8221;&#8221; custom_margin_last_edited=&#8221;on|phone&#8221; custom_padding=&#8221;0px|||||&#8221;][et_pb_row column_structure=&#8221;3_5,2_5&#8243; _builder_version=&#8221;4.6.6&#8243; _module_preset=&#8221;default&#8221; background_enable_color=&#8221;off&#8221; width=&#8221;100%&#8221; max_width=&#8221;100%&#8221; custom_margin_last_edited=&#8221;off|desktop&#8221; custom_padding=&#8221;0px|||||&#8221; custom_margin__hover_enabled=&#8221;off|desktop&#8221;][et_pb_column type=&#8221;3_5&#8243; _builder_version=&#8221;4.6.6&#8243; _module_preset=&#8221;default&#8221; background_color=&#8221;#ffFFFF&#8221;][et_pb_cta title=&#8221;THEMATIC SESSION 01&#8243; button_url=&#8221;#sesion&#8221; admin_label=&#8221;T\u00edtulo+subt\u00edtulo+bot\u00f3n&#8221; _builder_version=&#8221;4.6.6&#8243; _module_preset=&#8221;default&#8221; header_font=&#8221;|700|||||||&#8221; header_text_align=&#8221;left&#8221; header_text_color=&#8221;#2a2a29&#8243; header_letter_spacing=&#8221;2px&#8221; body_font=&#8221;Ubuntu Mono||||||||&#8221; body_text_align=&#8221;left&#8221; body_text_color=&#8221;#de6f5b&#8221; body_font_size=&#8221;25px&#8221; body_line_height=&#8221;1.3em&#8221; background_color=&#8221;rgba(0,0,0,0)&#8221; custom_button=&#8221;on&#8221; button_font=&#8221;|700|||||||&#8221; button_icon=&#8221;%%1%%&#8221; button_on_hover=&#8221;off&#8221; text_orientation=&#8221;left&#8221; background_layout=&#8221;light&#8221; width=&#8221;80%&#8221; width_tablet=&#8221;75%&#8221; width_phone=&#8221;100%&#8221; width_last_edited=&#8221;on|phone&#8221; module_alignment=&#8221;right&#8221; custom_margin=&#8221;70px|0px|10px||false|false&#8221; custom_margin_tablet=&#8221;80px||10px||false|false&#8221; custom_margin_phone=&#8221;80px||0px||false|false&#8221; custom_margin_last_edited=&#8221;on|phone&#8221; custom_padding=&#8221;|0px|0px||false|false&#8221; header_font_size_tablet=&#8221;&#8221; header_font_size_phone=&#8221;&#8221; header_font_size_last_edited=&#8221;on|phone&#8221; body_font_size_tablet=&#8221;24px&#8221; body_font_size_phone=&#8221;22px&#8221; body_font_size_last_edited=&#8221;on|phone&#8221; module_alignment_tablet=&#8221;center&#8221; module_alignment_phone=&#8221;&#8221; module_alignment_last_edited=&#8221;on|tablet&#8221; custom_css_promo_button=&#8221;margin-top: 20px; &#8221; custom_css_promo_title=&#8221;padding-bottom:20px; &#8221; button_bg_color__hover_enabled=&#8221;on|hover&#8221; button_bg_color__hover=&#8221;#fdfcec&#8221; button_bg_enable_color__hover=&#8221;on&#8221;]<\/p>\n<p>Wednesday 18th<br \/> <strong>17:00-18:30 <\/strong>CET<\/p>\n<p>[\/et_pb_cta][et_pb_cta button_url=&#8221;#sesion&#8221; button_text=&#8221;See session&#8221; admin_label=&#8221;T\u00edtulo+subt\u00edtulo+bot\u00f3n&#8221; _builder_version=&#8221;4.6.6&#8243; _module_preset=&#8221;default&#8221; header_level=&#8221;h1&#8243; header_font=&#8221;|700|||||||&#8221; header_text_align=&#8221;left&#8221; header_text_color=&#8221;#2a2a29&#8243; header_font_size=&#8221;45px&#8221; header_letter_spacing=&#8221;2px&#8221; body_font=&#8221;Ubuntu Mono|700|||||||&#8221; body_text_align=&#8221;left&#8221; body_text_color=&#8221;#2a2a29&#8243; body_font_size=&#8221;35px&#8221; body_line_height=&#8221;1.1em&#8221; background_color=&#8221;rgba(0,0,0,0)&#8221; custom_button=&#8221;on&#8221; button_font=&#8221;|700|||||||&#8221; button_icon=&#8221;%%1%%&#8221; button_on_hover=&#8221;off&#8221; text_orientation=&#8221;left&#8221; background_layout=&#8221;light&#8221; width=&#8221;80%&#8221; width_tablet=&#8221;75%&#8221; width_phone=&#8221;100%&#8221; width_last_edited=&#8221;on|phone&#8221; module_alignment=&#8221;right&#8221; custom_margin=&#8221;2px||50px||false|false&#8221; custom_margin_tablet=&#8221;||80px||false|false&#8221; custom_margin_phone=&#8221;20px||50px||false|false&#8221; custom_margin_last_edited=&#8221;on|tablet&#8221; custom_padding=&#8221;0px|10%|||false|false&#8221; custom_padding_tablet=&#8221;|20%|||false|false&#8221; custom_padding_phone=&#8221;|10%|||false|false&#8221; custom_padding_last_edited=&#8221;on|phone&#8221; header_font_size_tablet=&#8221;40px&#8221; header_font_size_phone=&#8221;30px&#8221; header_font_size_last_edited=&#8221;on|phone&#8221; body_font_size_tablet=&#8221;35px&#8221; body_font_size_phone=&#8221;30px&#8221; body_font_size_last_edited=&#8221;on|phone&#8221; module_alignment_tablet=&#8221;center&#8221; module_alignment_phone=&#8221;&#8221; module_alignment_last_edited=&#8221;on|tablet&#8221; custom_css_promo_button=&#8221;margin-top: 20px; &#8221; custom_css_promo_title=&#8221;padding-bottom:20px; &#8221; button_bg_color__hover_enabled=&#8221;on|hover&#8221; button_bg_color__hover=&#8221;#fdfcec&#8221; button_bg_enable_color__hover=&#8221;on&#8221;]<\/p>\n<p>Are cities adapting to climate change?<\/p>\n<p>[\/et_pb_cta][\/et_pb_column][et_pb_column type=&#8221;2_5&#8243; _builder_version=&#8221;4.6.6&#8243; _module_preset=&#8221;default&#8221; background_enable_color=&#8221;off&#8221;][et_pb_divider show_divider=&#8221;off&#8221; _builder_version=&#8221;4.6.6&#8243; _module_preset=&#8221;default&#8221;][\/et_pb_divider][et_pb_image src=&#8221;https:\/\/conferencia.lifeshara.com\/wp-content\/uploads\/2020\/10\/Adaptes-Sesion-01-opt.gif&#8221; title_text=&#8221;Adaptes-Sesion-01-opt&#8221; align=&#8221;center&#8221; _builder_version=&#8221;4.6.6&#8243; width=&#8221;90%&#8221; width_tablet=&#8221;70%&#8221; width_phone=&#8221;&#8221; width_last_edited=&#8221;on|tablet&#8221; module_alignment=&#8221;center&#8221; max_height_tablet=&#8221;400px&#8221; max_height_phone=&#8221;&#8221; max_height_last_edited=&#8221;on|tablet&#8221; custom_margin=&#8221;|||-100px|false|false&#8221; custom_margin_tablet=&#8221;|||0px|false|false&#8221; custom_margin_phone=&#8221;&#8221; custom_margin_last_edited=&#8221;on|tablet&#8221; custom_padding=&#8221;40px||40px||true|false&#8221; custom_padding_tablet=&#8221;0px||0px||false|false&#8221; custom_padding_phone=&#8221;0px||0px||true|false&#8221; custom_padding_last_edited=&#8221;on|phone&#8221; scroll_vertical_motion_enable=&#8221;on&#8221; scroll_vertical_motion=&#8221;0|82|82|100|1|0|-1&#8243; locked=&#8221;off&#8221;][\/et_pb_image][\/et_pb_column][\/et_pb_row][\/et_pb_section][et_pb_section fb_built=&#8221;1&#8243; admin_label=&#8221;Cuerpo p\u00e1gina&#8221; module_id=&#8221;sesion&#8221; _builder_version=&#8221;4.6.6&#8243; background_color=&#8221;#ffd656&#8243; custom_margin=&#8221;-60px||||false|false&#8221; locked=&#8221;off&#8221;][et_pb_row column_structure=&#8221;3_5,2_5&#8243; use_custom_gutter=&#8221;on&#8221; gutter_width=&#8221;2&#8243; make_equal=&#8221;on&#8221; disabled_on=&#8221;off|off|off&#8221; _builder_version=&#8221;4.6.6&#8243; custom_padding=&#8221;10px||10px||false|false&#8221; animation_direction=&#8221;top&#8221; border_color_all=&#8221;rgba(51,51,51,0.05)&#8221; border_width_top=&#8221;1px&#8221; border_color_top=&#8221;#de6f5b&#8221; border_color_bottom=&#8221;#de6f5b&#8221;][et_pb_column type=&#8221;3_5&#8243; _builder_version=&#8221;4.6.5&#8243; background_color=&#8221;rgba(0,0,0,0)&#8221; custom_padding=&#8221;2%|2%|2%|2%|true|true&#8221; custom_padding__hover=&#8221;|||&#8221;][et_pb_video src=&#8221;https:\/\/youtu.be\/iSljFhnLJB8&#8243; image_src=&#8221;https:\/\/conferencia.lifeshara.com\/wp-content\/uploads\/2020\/11\/Adaptes__fondo-pantalla_S01@2x.png&#8221; play_icon_color=&#8221;#de6f5b&#8221; thumbnail_overlay_color=&#8221;rgba(0,0,0,0.6)&#8221; _builder_version=&#8221;4.6.6&#8243; _module_preset=&#8221;default&#8221; border_width_all=&#8221;1px&#8221; border_color_all=&#8221;#fdfcec&#8221;][\/et_pb_video][\/et_pb_column][et_pb_column type=&#8221;2_5&#8243; _builder_version=&#8221;4.6.5&#8243; background_color=&#8221;rgba(0,0,0,0)&#8221; custom_padding=&#8221;2%|2%|2%|2%|true|true&#8221; custom_padding__hover=&#8221;|||&#8221;][et_pb_blurb title=&#8221;Lectures&#8221; use_icon=&#8221;on&#8221; font_icon=&#8221;%%375%%&#8221; icon_color=&#8221;#de6f5b&#8221; icon_placement=&#8221;left&#8221; use_icon_font_size=&#8221;on&#8221; icon_font_size=&#8221;40px&#8221; _builder_version=&#8221;4.9.1&#8243; _module_preset=&#8221;default&#8221; header_font=&#8221;|700|||||||&#8221; header_text_color=&#8221;#fdfcec&#8221; body_font=&#8221;|700|||||||&#8221; body_link_font=&#8221;|700|||||||&#8221; body_link_text_color=&#8221;#de6f5b&#8221; body_ol_font=&#8221;|700|||||||&#8221; hover_enabled=&#8221;0&#8243; header_font_size_tablet=&#8221;&#8221; header_font_size_phone=&#8221;&#8221; header_font_size_last_edited=&#8221;on|phone&#8221; body_link_text_color__hover_enabled=&#8221;on|hover&#8221; body_link_text_color__hover=&#8221;#2a2a29&#8243; sticky_enabled=&#8221;0&#8243;]<\/p>\n<ol>\n<li><a href=\"https:\/\/conferencia.lifeshara.com\/wp-content\/uploads\/2021\/01\/Learning-from-the-crisis-Adaptation-Actions_Elena-Veza_2.pdf\" target=\"_blank\" rel=\"noopener noreferrer\">Learning from the crisis Adaptation Actions,\u00a0 Elena Veza<\/a><\/li>\n<li><a href=\"https:\/\/conferencia.lifeshara.com\/wp-content\/uploads\/2021\/01\/Ementas-sauda\u0301veis_Crianc\u0327as-felizes_Paulo-Fernandes_3.pdf\" target=\"_blank\" rel=\"noopener noreferrer\">Ementas sauda\u0301veis, Crianc\u0327as felizes, Paulo Fernandes<\/a><\/li>\n<li><a href=\"https:\/\/conferencia.lifeshara.com\/wp-content\/uploads\/2021\/01\/Adaptando-entornos-escolares-de-Madrid_Luis-Tejero_4.pdf\" target=\"_blank\" rel=\"noopener noreferrer\">Adaptando entornos escolares de Madrid, Luis Tejero<\/a><\/li>\n<li><a href=\"https:\/\/conferencia.lifeshara.com\/wp-content\/uploads\/2021\/01\/Lisboa-adapta-se-a-importa\u0302ncia-da-Infraestrutura-Verde_5.pdf\" target=\"_blank\" rel=\"noopener noreferrer\">Lisboa adapta-se a import\u00e2ncia da Infraestrutura Verde, Ana Cristina Louren\u00e7o<\/a><\/li>\n<li><a href=\"https:\/\/conferencia.lifeshara.com\/wp-content\/uploads\/2021\/01\/Klima-Donostia_Josu-Benaito_7.pdf\" target=\"_blank\" rel=\"noopener noreferrer\">Klima Donostia, Josu Benaito<\/a><\/li>\n<li><a href=\"https:\/\/conferencia.lifeshara.com\/wp-content\/uploads\/2021\/01\/LIFE-Adaptate_Enrique-Berruezo_8.pdf\" target=\"_blank\" rel=\"noopener noreferrer\">LIFE Adaptate, Enrique Berruezo<\/a><\/li>\n<li><a href=\"https:\/\/conferencia.lifeshara.com\/wp-content\/uploads\/2021\/01\/Estrate\u0301gia-municipal-de-Adaptac\u0327a\u0303o_Carla-Pires_9.pdf\" target=\"_blank\" rel=\"noopener noreferrer\">Estrate\u0301gia municipal de Adaptac\u0327a\u0303o, Carla Pires<\/a><\/li>\n<\/ol>\n<p>[\/et_pb_blurb][\/et_pb_column][\/et_pb_row][et_pb_row use_custom_gutter=&#8221;on&#8221; gutter_width=&#8221;2&#8243; make_equal=&#8221;on&#8221; _builder_version=&#8221;4.6.6&#8243; custom_padding=&#8221;10px||10px||false|false&#8221; animation_direction=&#8221;top&#8221; border_color_all=&#8221;rgba(51,51,51,0.05)&#8221; border_width_top=&#8221;1px&#8221; border_color_top=&#8221;#de6f5b&#8221; border_width_bottom=&#8221;1px&#8221; border_color_bottom=&#8221;#de6f5b&#8221;][et_pb_column type=&#8221;4_4&#8243; _builder_version=&#8221;4.6.5&#8243; background_color=&#8221;rgba(0,0,0,0)&#8221; custom_padding=&#8221;2%|2%|2%|2%|true|true&#8221; custom_padding__hover=&#8221;|||&#8221;][et_pb_text _builder_version=&#8221;4.6.6&#8243; text_font=&#8221;||||||||&#8221; text_text_color=&#8221;#2a2a29&#8243; text_font_size=&#8221;18px&#8221; header_font=&#8221;Ubuntu Mono|700|||||||&#8221; header_text_color=&#8221;#fdfcec&#8221; header_2_font=&#8221;Ubuntu Mono|700|||||||&#8221; header_2_text_color=&#8221;#fdfcec&#8221; header_2_font_size=&#8221;38px&#8221; header_3_font=&#8221;Ubuntu Mono|700|||||||&#8221; header_3_text_color=&#8221;#2a2a29&#8243; header_3_font_size=&#8221;32px&#8221; header_4_font=&#8221;Ubuntu Mono|700|||||||&#8221; header_4_text_color=&#8221;#fdfcec&#8221; header_4_letter_spacing=&#8221;3px&#8221; header_5_font=&#8221;Ubuntu Mono|700|||||||&#8221; header_5_text_color=&#8221;#2a2a29&#8243; header_6_font=&#8221;Ubuntu Mono|700|||||||&#8221; custom_padding=&#8221;||25px||false|false&#8221; text_font_size_tablet=&#8221;17px&#8221; text_font_size_phone=&#8221;16px&#8221; text_font_size_last_edited=&#8221;on|phone&#8221; header_2_font_size_tablet=&#8221;38px&#8221; header_2_font_size_phone=&#8221;35px&#8221; header_2_font_size_last_edited=&#8221;on|phone&#8221; header_3_font_size_tablet=&#8221;&#8221; header_3_font_size_phone=&#8221;29px&#8221; header_3_font_size_last_edited=&#8221;on|phone&#8221; border_color_bottom=&#8221;#de6f5b&#8221;]<\/p>\n<p>Presentation of good practices for implementing climate change adaptation initiatives in urban environments.<\/p>\n<p>[\/et_pb_text][\/et_pb_column][\/et_pb_row][et_pb_row column_structure=&#8221;1_2,1_2&#8243; use_custom_gutter=&#8221;on&#8221; gutter_width=&#8221;2&#8243; make_equal=&#8221;on&#8221; _builder_version=&#8221;4.6.6&#8243; custom_padding=&#8221;10px||10px||false|false&#8221; animation_direction=&#8221;top&#8221; border_color_all=&#8221;rgba(51,51,51,0.05)&#8221; border_width_top=&#8221;1px&#8221; border_color_top=&#8221;#de6f5b&#8221; border_width_bottom=&#8221;1px&#8221; border_color_bottom=&#8221;#de6f5b&#8221;][et_pb_column type=&#8221;1_2&#8243; _builder_version=&#8221;4.6.5&#8243; background_color=&#8221;rgba(0,0,0,0)&#8221; custom_padding=&#8221;2%|2%|2%|2%|true|true&#8221; custom_padding__hover=&#8221;|||&#8221;][et_pb_image src=&#8221;https:\/\/conferencia.lifeshara.com\/wp-content\/uploads\/2020\/11\/Captura-de-pantalla-2020-11-18-a-las-10.43.21.png&#8221; title_text=&#8221;Captura de pantalla 2020-11-18 a las 10.43.21&#8243; url=&#8221;https:\/\/getethermap.org\/m\/adaptes-cities&#8221; url_new_window=&#8221;on&#8221; _builder_version=&#8221;4.6.6&#8243; _module_preset=&#8221;default&#8221;][\/et_pb_image][\/et_pb_column][et_pb_column type=&#8221;1_2&#8243; _builder_version=&#8221;4.6.5&#8243; background_color=&#8221;rgba(0,0,0,0)&#8221; custom_padding=&#8221;2%|2%|2%|2%|true|true&#8221; custom_padding__hover=&#8221;|||&#8221;][et_pb_text _builder_version=&#8221;4.6.6&#8243; text_font=&#8221;||||||||&#8221; text_text_color=&#8221;#2a2a29&#8243; text_font_size=&#8221;18px&#8221; header_font=&#8221;Ubuntu Mono|700|||||||&#8221; header_text_color=&#8221;#fdfcec&#8221; header_2_font=&#8221;Ubuntu Mono|700|||||||&#8221; header_2_text_color=&#8221;#fdfcec&#8221; header_2_font_size=&#8221;38px&#8221; header_3_font=&#8221;Ubuntu Mono|700|||||||&#8221; header_3_text_color=&#8221;#2a2a29&#8243; header_3_font_size=&#8221;32px&#8221; header_4_font=&#8221;Ubuntu Mono|700|||||||&#8221; header_4_text_color=&#8221;#fdfcec&#8221; header_4_letter_spacing=&#8221;3px&#8221; header_5_font=&#8221;Ubuntu Mono|700|||||||&#8221; header_5_text_color=&#8221;#2a2a29&#8243; header_6_font=&#8221;Ubuntu Mono|700|||||||&#8221; custom_padding=&#8221;||25px||false|false&#8221; text_font_size_tablet=&#8221;17px&#8221; text_font_size_phone=&#8221;16px&#8221; text_font_size_last_edited=&#8221;on|phone&#8221; header_2_font_size_tablet=&#8221;38px&#8221; header_2_font_size_phone=&#8221;35px&#8221; header_2_font_size_last_edited=&#8221;on|phone&#8221; header_3_font_size_tablet=&#8221;&#8221; header_3_font_size_phone=&#8221;29px&#8221; header_3_font_size_last_edited=&#8221;on|phone&#8221; border_color_bottom=&#8221;#de6f5b&#8221;]<\/p>\n<p><strong>Interactive map of adaptation initiatives to climate change in cities of Spain and Portugal.<\/strong><\/p>\n<p>[\/et_pb_text][et_pb_button button_url=&#8221;https:\/\/getethermap.org\/m\/adaptes-cities&#8221; url_new_window=&#8221;on&#8221; button_text=&#8221;ACCESS HERE&#8221; _builder_version=&#8221;4.6.6&#8243; _module_preset=&#8221;default&#8221;][\/et_pb_button][\/et_pb_column][\/et_pb_row][et_pb_row column_structure=&#8221;1_2,1_2&#8243; use_custom_gutter=&#8221;on&#8221; gutter_width=&#8221;2&#8243; make_equal=&#8221;on&#8221; _builder_version=&#8221;4.6.6&#8243; custom_padding=&#8221;10px||10px||false|false&#8221; animation_direction=&#8221;top&#8221; border_color_all=&#8221;rgba(51,51,51,0.05)&#8221; border_color_top=&#8221;#de6f5b&#8221; border_color_bottom=&#8221;#de6f5b&#8221;][et_pb_column type=&#8221;1_2&#8243; _builder_version=&#8221;4.6.5&#8243; background_color=&#8221;rgba(0,0,0,0)&#8221; custom_padding=&#8221;2%|2%|2%|2%|true|true&#8221; custom_padding__hover=&#8221;|||&#8221;][et_pb_blurb title=&#8221;Coordinated by&#8221; use_icon=&#8221;on&#8221; font_icon=&#8221;%%176%%&#8221; icon_color=&#8221;#de6f5b&#8221; icon_placement=&#8221;left&#8221; use_icon_font_size=&#8221;on&#8221; icon_font_size=&#8221;40px&#8221; _builder_version=&#8221;4.6.6&#8243; _module_preset=&#8221;default&#8221; header_font=&#8221;|700|||||||&#8221; header_text_color=&#8221;#fdfcec&#8221; body_font=&#8221;|600|||||||&#8221; body_font_size=&#8221;18px&#8221; custom_margin=&#8221;||30px||false|false&#8221; body_font_size_tablet=&#8221;&#8221; body_font_size_phone=&#8221;&#8221; body_font_size_last_edited=&#8221;on|phone&#8221;]<\/p>\n<p><strong>Cristina Garrett,<\/strong> General Directorate of the Territory<\/p>\n<p>[\/et_pb_blurb][\/et_pb_column][et_pb_column type=&#8221;1_2&#8243; _builder_version=&#8221;4.6.5&#8243; background_color=&#8221;rgba(0,0,0,0)&#8221; custom_padding=&#8221;2%|2%|2%|2%|true|true&#8221; custom_padding__hover=&#8221;|||&#8221;][et_pb_blurb title=&#8221;Speakers&#8221; use_icon=&#8221;on&#8221; font_icon=&#8221;%%259%%&#8221; icon_color=&#8221;#de6f5b&#8221; icon_placement=&#8221;left&#8221; use_icon_font_size=&#8221;on&#8221; icon_font_size=&#8221;40px&#8221; _builder_version=&#8221;4.8.2&#8243; _module_preset=&#8221;default&#8221; header_font=&#8221;|700|||||||&#8221; header_text_color=&#8221;#fdfcec&#8221; header_font_size_tablet=&#8221;&#8221; header_font_size_phone=&#8221;&#8221; header_font_size_last_edited=&#8221;on|phone&#8221;]<\/p>\n<ul>\n<li style=\"font-weight: 400;\"><span style=\"font-weight: 400;\"><strong>C\u00e9lia Morais<\/strong> Laranjeira, Municipality of \u00c1gueda<\/span><\/li>\n<li style=\"font-weight: 400;\"><span style=\"font-weight: 400;\"><strong>Elena Veza<\/strong>, Barcelona Metropolitan Area<\/span><\/li>\n<li style=\"font-weight: 400;\"><span style=\"font-weight: 400;\"><strong>Paulo Fernandes<\/strong>, Municipality of Fund\u00e3o<\/span><\/li>\n<li style=\"font-weight: 400;\"><span style=\"font-weight: 400;\"><strong>Enrique Berruezo<\/strong>, Municipality of Lorca<\/span><\/li>\n<li style=\"font-weight: 400;\"><span style=\"font-weight: 400;\"><strong>Ana Cristina Louren\u00e7o<\/strong>, Lisbon City Council<\/span><\/li>\n<li style=\"font-weight: 400;\"><strong>Paula Silvestre<\/strong>, Intermunicipal Community of Coimbra<\/li>\n<li style=\"font-weight: 400;\"><span style=\"font-weight: 400;\"><strong>Luis Tejero Encinas<\/strong>, Madrid City Council<\/span><\/li>\n<li style=\"font-weight: 400;\"><span style=\"font-weight: 400;\"><strong>Josu Benaito Villagarc\u00eda<\/strong>, Municipality of Donostia\/San Sebasti\u00e1n Pamplona and surroundings<\/span><\/li>\n<li style=\"font-weight: 400;\"><span style=\"font-weight: 400;\"><strong>Carla Pires<\/strong>, Municipality of Vila Nova de Gaia<\/span><\/li>\n<\/ul>\n<p>[\/et_pb_blurb][\/et_pb_column][\/et_pb_row][\/et_pb_section][et_pb_section fb_built=&#8221;1&#8243; admin_label=&#8221;#Adaptes&#8221; _builder_version=&#8221;4.6.5&#8243; _module_preset=&#8221;default&#8221; background_color=&#8221;#fdfcec&#8221; custom_padding=&#8221;80px||0px|||&#8221; locked=&#8221;off&#8221; collapsed=&#8221;off&#8221;][et_pb_row admin_label=&#8221;Fila&#8221; _builder_version=&#8221;4.6.5&#8243; _module_preset=&#8221;default&#8221; custom_padding=&#8221;||0px|||&#8221;][et_pb_column type=&#8221;4_4&#8243; _builder_version=&#8221;4.6.5&#8243; _module_preset=&#8221;default&#8221;][et_pb_text admin_label=&#8221;#Adaptes&#8221; _builder_version=&#8221;4.6.5&#8243; _module_preset=&#8221;default&#8221; header_2_font=&#8221;||||||||&#8221; header_2_font_size=&#8221;30px&#8221;]<\/p>\n<h2 style=\"text-align: center;\">#Adaptes<\/h2>\n<p>[\/et_pb_text][et_pb_text _builder_version=&#8221;4.6.6&#8243; _module_preset=&#8221;default&#8221; text_font=&#8221;|700|||||||&#8221; text_font_size=&#8221;18px&#8221; header_2_font=&#8221;||||||||&#8221; header_2_font_size=&#8221;30px&#8221; text_orientation=&#8221;center&#8221; custom_margin=&#8221;||-16px||false|false&#8221;]Can you help us to share this information?[\/et_pb_text][\/et_pb_column][\/et_pb_row][\/et_pb_section]<\/p>\n","protected":false},"excerpt":{"rendered":"<p>Wednesday 18th 17:00-18:30 CETAre cities adapting to climate change? Learning from the crisis Adaptation Actions,\u00a0 Elena Veza Ementas sauda\u0301veis, Crianc\u0327as felizes, Paulo Fernandes Adaptando entornos escolares de Madrid, Luis Tejero Lisboa adapta-se a import\u00e2ncia da Infraestrutura Verde, Ana Cristina Louren\u00e7o Klima Donostia, Josu Benaito LIFE Adaptate, Enrique Berruezo Estrate\u0301gia municipal de Adaptac\u0327a\u0303o, Carla Pires Presentation [&hellip;]<\/p>\n","protected":false},"author":4,"featured_media":3389,"parent":2536,"menu_order":0,"comment_status":"closed","ping_status":"closed","template":"","meta":{"_et_pb_use_builder":"on","_et_pb_old_content":"","_et_gb_content_width":"","footnotes":""},"class_list":["post-3388","page","type-page","status-publish","has-post-thumbnail","hentry"],"_links":{"self":[{"href":"https:\/\/conferencia.lifeshara.com\/en\/wp-json\/wp\/v2\/pages\/3388","targetHints":{"allow":["GET"]}}],"collection":[{"href":"https:\/\/conferencia.lifeshara.com\/en\/wp-json\/wp\/v2\/pages"}],"about":[{"href":"https:\/\/conferencia.lifeshara.com\/en\/wp-json\/wp\/v2\/types\/page"}],"author":[{"embeddable":true,"href":"https:\/\/conferencia.lifeshara.com\/en\/wp-json\/wp\/v2\/users\/4"}],"replies":[{"embeddable":true,"href":"https:\/\/conferencia.lifeshara.com\/en\/wp-json\/wp\/v2\/comments?post=3388"}],"version-history":[{"count":0,"href":"https:\/\/conferencia.lifeshara.com\/en\/wp-json\/wp\/v2\/pages\/3388\/revisions"}],"up":[{"embeddable":true,"href":"https:\/\/conferencia.lifeshara.com\/en\/wp-json\/wp\/v2\/pages\/2536"}],"wp:featuredmedia":[{"embeddable":true,"href":"https:\/\/conferencia.lifeshara.com\/en\/wp-json\/wp\/v2\/media\/3389"}],"wp:attachment":[{"href":"https:\/\/conferencia.lifeshara.com\/en\/wp-json\/wp\/v2\/media?parent=3388"}],"curies":[{"name":"wp","href":"https:\/\/api.w.org\/{rel}","templated":true}]}}